{"id":2381,"date":"2023-12-12T17:01:25","date_gmt":"2023-12-12T23:01:25","guid":{"rendered":"https:\/\/fitcr.com\/?post_type=product&#038;p=2381"},"modified":"2025-08-21T16:38:37","modified_gmt":"2025-08-21T22:38:37","slug":"gtr-12-hip-thrust","status":"publish","type":"product","link":"https:\/\/fitcr.com\/en\/product\/gtr-12-hip-thrust\/","title":{"rendered":"GTR-12 HIP THRUST"},"content":{"rendered":"<ul>\n<li>Commercial team<\/li>\n<li class=\"a-spacing-mini\"><span class=\"a-list-item\">Adjustable height\u00a0<\/span><\/li>\n<li class=\"a-spacing-mini\"><span class=\"a-list-item\">Maximum user weight: 130 kg<\/span><\/li>\n<li class=\"a-spacing-mini\">Machine size (L*W*H) cm:160*161*94<\/li>\n<li class=\"a-spacing-mini\">Made of strong steel frame<\/li>\n<li class=\"a-spacing-mini\">Ergonomic back pad<\/li>\n<li class=\"a-spacing-mini\">Fits Olympic weight plates\n<div class=\"elementor-widget-container\"><\/div>\n<\/li>\n<\/ul>","protected":false},"excerpt":{"rendered":"<p>Equipo comercial Altura ajustable\u00a0 Peso m\u00e1ximo del usuario: 130 kg Tama\u00f1o de la m\u00e1quina (L*W*H) cm:160*161*94 Hecho de marco de acero resistente Almohadilla de espalda ergon\u00f3mica Se adapta a discos de pesas ol\u00edmpicas<\/p>","protected":false},"featured_media":2382,"template":"","meta":[],"product_brand":[],"product_cat":[42],"product_tag":[],"class_list":{"0":"post-2381","1":"product","2":"type-product","3":"status-publish","4":"has-post-thumbnail","6":"product_cat-fuerza","8":"first","9":"instock","10":"sale","11":"taxable","12":"shipping-taxable","13":"purchasable","14":"product-type-simple"},"_links":{"self":[{"href":"https:\/\/fitcr.com\/en\/wp-json\/wp\/v2\/product\/2381","targetHints":{"allow":["GET"]}}],"collection":[{"href":"https:\/\/fitcr.com\/en\/wp-json\/wp\/v2\/product"}],"about":[{"href":"https:\/\/fitcr.com\/en\/wp-json\/wp\/v2\/types\/product"}],"wp:featuredmedia":[{"embeddable":true,"href":"https:\/\/fitcr.com\/en\/wp-json\/wp\/v2\/media\/2382"}],"wp:attachment":[{"href":"https:\/\/fitcr.com\/en\/wp-json\/wp\/v2\/media?parent=2381"}],"wp:term":[{"taxonomy":"product_brand","embeddable":true,"href":"https:\/\/fitcr.com\/en\/wp-json\/wp\/v2\/product_brand?post=2381"},{"taxonomy":"product_cat","embeddable":true,"href":"https:\/\/fitcr.com\/en\/wp-json\/wp\/v2\/product_cat?post=2381"},{"taxonomy":"product_tag","embeddable":true,"href":"https:\/\/fitcr.com\/en\/wp-json\/wp\/v2\/product_tag?post=2381"}],"curies":[{"name":"wp","href":"https:\/\/api.w.org\/{rel}","templated":true}]}}