{"id":2657,"date":"2024-02-01T10:15:20","date_gmt":"2024-02-01T16:15:20","guid":{"rendered":"https:\/\/fitcr.com\/?post_type=product&#038;p=2657"},"modified":"2024-09-10T14:39:38","modified_gmt":"2024-09-10T20:39:38","slug":"barra-polea-corta","status":"publish","type":"product","link":"https:\/\/fitcr.com\/en\/product\/barra-polea-corta\/","title":{"rendered":"TR07 SHORT PULLEY BAR"},"content":{"rendered":"<ul>\n<li>The short cable bar is versatile and can be used for a variety of exercises, such as pull-downs, curls, triceps extensions and other isolation movements.<\/li>\n<li>Its shorter design provides greater control and stability during movements, allowing you to focus on precise execution of exercises.<\/li>\n<\/ul>","protected":false},"excerpt":{"rendered":"<p>La barra de polea corta es vers\u00e1til y se puede utilizar para una variedad de ejercicios, como pull-downs, curls, extensiones de tr\u00edceps y otros movimientos de aislamiento. Su dise\u00f1o m\u00e1s corto proporciona un mayor control y estabilidad durante los movimientos, permiti\u00e9ndote enfocarte en la ejecuci\u00f3n precisa de los ejercicios.<\/p>","protected":false},"featured_media":2658,"template":"","meta":[],"product_brand":[],"product_cat":[76],"product_tag":[],"class_list":{"0":"post-2657","1":"product","2":"type-product","3":"status-publish","4":"has-post-thumbnail","6":"product_cat-accesorios","8":"first","9":"instock","10":"taxable","11":"shipping-taxable","12":"purchasable","13":"product-type-simple"},"_links":{"self":[{"href":"https:\/\/fitcr.com\/en\/wp-json\/wp\/v2\/product\/2657","targetHints":{"allow":["GET"]}}],"collection":[{"href":"https:\/\/fitcr.com\/en\/wp-json\/wp\/v2\/product"}],"about":[{"href":"https:\/\/fitcr.com\/en\/wp-json\/wp\/v2\/types\/product"}],"wp:featuredmedia":[{"embeddable":true,"href":"https:\/\/fitcr.com\/en\/wp-json\/wp\/v2\/media\/2658"}],"wp:attachment":[{"href":"https:\/\/fitcr.com\/en\/wp-json\/wp\/v2\/media?parent=2657"}],"wp:term":[{"taxonomy":"product_brand","embeddable":true,"href":"https:\/\/fitcr.com\/en\/wp-json\/wp\/v2\/product_brand?post=2657"},{"taxonomy":"product_cat","embeddable":true,"href":"https:\/\/fitcr.com\/en\/wp-json\/wp\/v2\/product_cat?post=2657"},{"taxonomy":"product_tag","embeddable":true,"href":"https:\/\/fitcr.com\/en\/wp-json\/wp\/v2\/product_tag?post=2657"}],"curies":[{"name":"wp","href":"https:\/\/api.w.org\/{rel}","templated":true}]}}