{"id":2667,"date":"2024-02-01T11:11:28","date_gmt":"2024-02-01T17:11:28","guid":{"rendered":"https:\/\/fitcr.com\/?post_type=product&#038;p=2667"},"modified":"2025-06-30T13:29:44","modified_gmt":"2025-06-30T19:29:44","slug":"sissy-6059","status":"publish","type":"product","link":"https:\/\/fitcr.com\/en\/product\/sissy-6059\/","title":{"rendered":"Gtz-6059R SISSY"},"content":{"rendered":"<ul>\n<li>El Sissy Squat es un ejercicio espec\u00edfico de musculaci\u00f3n que se realiza para trabajar principalmente los cu\u00e1driceps y tambi\u00e9n involucra los gl\u00fateos, isquiotibiales y m\u00fasculos de la pantorrilla.<\/li>\n<li>La m\u00e1quina Sissy Squat tiene una estructura robusta con un marco de acero resistente que proporciona estabilidad durante el ejercicio.<\/li>\n<li>Cuenta con almohadillas acolchadas para apoyar las espinillas y asegurar la comodidad durante el movimiento. Tambi\u00e9n tiene reposapi\u00e9s para apoyar los pies durante el ejercicio.<\/li>\n<\/ul>","protected":false},"excerpt":{"rendered":"<p>El Sissy Squat es un ejercicio espec\u00edfico de musculaci\u00f3n que se realiza para trabajar principalmente los cu\u00e1driceps y tambi\u00e9n involucra los gl\u00fateos, isquiotibiales y m\u00fasculos de la pantorrilla. La m\u00e1quina Sissy Squat tiene una estructura robusta con un marco de acero resistente que proporciona estabilidad durante el ejercicio. Cuenta con almohadillas acolchadas para apoyar las [&hellip;]<\/p>\n","protected":false},"featured_media":2672,"template":"","meta":[],"product_brand":[],"product_cat":[42],"product_tag":[],"class_list":{"0":"post-2667","1":"product","2":"type-product","3":"status-publish","4":"has-post-thumbnail","6":"product_cat-fuerza","8":"first","9":"instock","10":"sale","11":"taxable","12":"shipping-taxable","13":"purchasable","14":"product-type-simple"},"_links":{"self":[{"href":"https:\/\/fitcr.com\/en\/wp-json\/wp\/v2\/product\/2667","targetHints":{"allow":["GET"]}}],"collection":[{"href":"https:\/\/fitcr.com\/en\/wp-json\/wp\/v2\/product"}],"about":[{"href":"https:\/\/fitcr.com\/en\/wp-json\/wp\/v2\/types\/product"}],"wp:featuredmedia":[{"embeddable":true,"href":"https:\/\/fitcr.com\/en\/wp-json\/wp\/v2\/media\/2672"}],"wp:attachment":[{"href":"https:\/\/fitcr.com\/en\/wp-json\/wp\/v2\/media?parent=2667"}],"wp:term":[{"taxonomy":"product_brand","embeddable":true,"href":"https:\/\/fitcr.com\/en\/wp-json\/wp\/v2\/product_brand?post=2667"},{"taxonomy":"product_cat","embeddable":true,"href":"https:\/\/fitcr.com\/en\/wp-json\/wp\/v2\/product_cat?post=2667"},{"taxonomy":"product_tag","embeddable":true,"href":"https:\/\/fitcr.com\/en\/wp-json\/wp\/v2\/product_tag?post=2667"}],"curies":[{"name":"wp","href":"https:\/\/api.w.org\/{rel}","templated":true}]}}