{"id":2674,"date":"2024-02-01T11:32:23","date_gmt":"2024-02-01T17:32:23","guid":{"rendered":"https:\/\/fitcr.com\/?post_type=product&#038;p=2674"},"modified":"2024-09-10T14:30:08","modified_gmt":"2024-09-10T20:30:08","slug":"triangulo-chinning-502r","status":"publish","type":"product","link":"https:\/\/fitcr.com\/en\/product\/triangulo-chinning-502r\/","title":{"rendered":"502R CHINNING TRIANGLE"},"content":{"rendered":"<ul>\n<li>Depending on the shape and grip angle, the triangle chinning can provide greater activation of the biceps muscle compared to other grips.<\/li>\n<li>This type of grip is usually closer compared to the standard grip, which can change the position of the elbows and the activation of the arm muscles.<\/li>\n<\/ul>","protected":false},"excerpt":{"rendered":"<p>Dependiendo de la forma y del \u00e1ngulo de agarre, el tri\u00e1ngulo chinning puede proporcionar una mayor activaci\u00f3n del m\u00fasculo b\u00edceps en comparaci\u00f3n con otros agarres. Este tipo de agarre suele ser m\u00e1s cerrado en comparaci\u00f3n con el agarre est\u00e1ndar, lo que puede cambiar la posici\u00f3n de los codos y la activaci\u00f3n de los m\u00fasculos del [&hellip;]<\/p>\n","protected":false},"featured_media":2675,"template":"","meta":[],"product_brand":[],"product_cat":[76],"product_tag":[],"class_list":{"0":"post-2674","1":"product","2":"type-product","3":"status-publish","4":"has-post-thumbnail","6":"product_cat-accesorios","8":"first","9":"instock","10":"taxable","11":"shipping-taxable","12":"purchasable","13":"product-type-simple"},"_links":{"self":[{"href":"https:\/\/fitcr.com\/en\/wp-json\/wp\/v2\/product\/2674","targetHints":{"allow":["GET"]}}],"collection":[{"href":"https:\/\/fitcr.com\/en\/wp-json\/wp\/v2\/product"}],"about":[{"href":"https:\/\/fitcr.com\/en\/wp-json\/wp\/v2\/types\/product"}],"wp:featuredmedia":[{"embeddable":true,"href":"https:\/\/fitcr.com\/en\/wp-json\/wp\/v2\/media\/2675"}],"wp:attachment":[{"href":"https:\/\/fitcr.com\/en\/wp-json\/wp\/v2\/media?parent=2674"}],"wp:term":[{"taxonomy":"product_brand","embeddable":true,"href":"https:\/\/fitcr.com\/en\/wp-json\/wp\/v2\/product_brand?post=2674"},{"taxonomy":"product_cat","embeddable":true,"href":"https:\/\/fitcr.com\/en\/wp-json\/wp\/v2\/product_cat?post=2674"},{"taxonomy":"product_tag","embeddable":true,"href":"https:\/\/fitcr.com\/en\/wp-json\/wp\/v2\/product_tag?post=2674"}],"curies":[{"name":"wp","href":"https:\/\/api.w.org\/{rel}","templated":true}]}}