{"id":2838,"date":"2024-03-23T12:32:24","date_gmt":"2024-03-23T18:32:24","guid":{"rendered":"https:\/\/fitcr.com\/?post_type=product&#038;p=2838"},"modified":"2025-04-04T14:03:19","modified_gmt":"2025-04-04T20:03:19","slug":"sissy","status":"publish","type":"product","link":"https:\/\/fitcr.com\/en\/product\/sissy\/","title":{"rendered":"TRS100 SISSY"},"content":{"rendered":"<ul>\n<li>The <strong>Sissy machine<\/strong> It is a specialized strength training equipment that is primarily used to work the quadriceps muscles, but also involves the core and other leg muscles. It is known for allowing the execution of the exercise called <strong>Sissy Squat<\/strong>, which is a very effective movement for developing the quadriceps.<\/li>\n<\/ul>\n<p>&nbsp;<\/p>\n<hr \/>\n<p>&nbsp;<\/p>\n<ul>\n<li>Leg support<\/li>\n<li>Height adjustments<\/li>\n<li>Non-slip surface<\/li>\n<li>Ankle support<\/li>\n<li>Inclined platform<\/li>\n<li>Clamping rollers<\/li>\n<\/ul>\n<p>&nbsp;<\/p>","protected":false},"excerpt":{"rendered":"<p>La m\u00e1quina Sissy es un equipo de entrenamiento de fuerza especializado que se utiliza principalmente para trabajar los m\u00fasculos del cu\u00e1driceps, pero tambi\u00e9n involucra el core y otros m\u00fasculos de las piernas. Es conocida por permitir la ejecuci\u00f3n del ejercicio llamado Sissy Squat, que es un movimiento muy efectivo para el desarrollo del cu\u00e1driceps. &nbsp; [&hellip;]<\/p>\n","protected":false},"featured_media":2943,"template":"","meta":[],"product_brand":[],"product_cat":[42],"product_tag":[],"class_list":{"0":"post-2838","1":"product","2":"type-product","3":"status-publish","4":"has-post-thumbnail","6":"product_cat-fuerza","8":"first","9":"instock","10":"sale","11":"taxable","12":"shipping-taxable","13":"purchasable","14":"product-type-simple"},"_links":{"self":[{"href":"https:\/\/fitcr.com\/en\/wp-json\/wp\/v2\/product\/2838","targetHints":{"allow":["GET"]}}],"collection":[{"href":"https:\/\/fitcr.com\/en\/wp-json\/wp\/v2\/product"}],"about":[{"href":"https:\/\/fitcr.com\/en\/wp-json\/wp\/v2\/types\/product"}],"wp:featuredmedia":[{"embeddable":true,"href":"https:\/\/fitcr.com\/en\/wp-json\/wp\/v2\/media\/2943"}],"wp:attachment":[{"href":"https:\/\/fitcr.com\/en\/wp-json\/wp\/v2\/media?parent=2838"}],"wp:term":[{"taxonomy":"product_brand","embeddable":true,"href":"https:\/\/fitcr.com\/en\/wp-json\/wp\/v2\/product_brand?post=2838"},{"taxonomy":"product_cat","embeddable":true,"href":"https:\/\/fitcr.com\/en\/wp-json\/wp\/v2\/product_cat?post=2838"},{"taxonomy":"product_tag","embeddable":true,"href":"https:\/\/fitcr.com\/en\/wp-json\/wp\/v2\/product_tag?post=2838"}],"curies":[{"name":"wp","href":"https:\/\/api.w.org\/{rel}","templated":true}]}}