{"id":2869,"date":"2024-04-04T10:14:01","date_gmt":"2024-04-04T16:14:01","guid":{"rendered":"https:\/\/fitcr.com\/?post_type=product&#038;p=2869"},"modified":"2024-09-10T14:18:29","modified_gmt":"2024-09-10T20:18:29","slug":"phsm-sentadilla-hack-pendulo","status":"publish","type":"product","link":"https:\/\/fitcr.com\/en\/product\/phsm-sentadilla-hack-pendulo\/","title":{"rendered":"PHSM- PENDULUM HACK SQUAT"},"content":{"rendered":"<ul>\n<li>Dimensions: 209 x 85 x 161<\/li>\n<li>Hack squats are gym equipment designed to work the muscles of the legs, particularly the quadriceps, glutes and hamstrings.<\/li>\n<li>Disc storage rack<\/li>\n<\/ul>","protected":false},"excerpt":{"rendered":"<p>Dimensiones: 209 x 85 x\u00a0 161 Sentadillas hack, es un equipo de gimnasio dise\u00f1ado para trabajar los m\u00fasculos de las piernas, en particular los cu\u00e1driceps, gl\u00fateos e isquiotibiales. Rack para almacenar discos<\/p>","protected":false},"featured_media":2870,"template":"","meta":[],"product_brand":[],"product_cat":[42],"product_tag":[],"class_list":{"0":"post-2869","1":"product","2":"type-product","3":"status-publish","4":"has-post-thumbnail","6":"product_cat-fuerza","8":"first","9":"instock","10":"sale","11":"taxable","12":"shipping-taxable","13":"purchasable","14":"product-type-simple"},"_links":{"self":[{"href":"https:\/\/fitcr.com\/en\/wp-json\/wp\/v2\/product\/2869","targetHints":{"allow":["GET"]}}],"collection":[{"href":"https:\/\/fitcr.com\/en\/wp-json\/wp\/v2\/product"}],"about":[{"href":"https:\/\/fitcr.com\/en\/wp-json\/wp\/v2\/types\/product"}],"wp:featuredmedia":[{"embeddable":true,"href":"https:\/\/fitcr.com\/en\/wp-json\/wp\/v2\/media\/2870"}],"wp:attachment":[{"href":"https:\/\/fitcr.com\/en\/wp-json\/wp\/v2\/media?parent=2869"}],"wp:term":[{"taxonomy":"product_brand","embeddable":true,"href":"https:\/\/fitcr.com\/en\/wp-json\/wp\/v2\/product_brand?post=2869"},{"taxonomy":"product_cat","embeddable":true,"href":"https:\/\/fitcr.com\/en\/wp-json\/wp\/v2\/product_cat?post=2869"},{"taxonomy":"product_tag","embeddable":true,"href":"https:\/\/fitcr.com\/en\/wp-json\/wp\/v2\/product_tag?post=2869"}],"curies":[{"name":"wp","href":"https:\/\/api.w.org\/{rel}","templated":true}]}}