{"id":2871,"date":"2024-04-06T13:15:45","date_gmt":"2024-04-06T19:15:45","guid":{"rendered":"https:\/\/fitcr.com\/?post_type=product&#038;p=2871"},"modified":"2024-09-12T14:15:43","modified_gmt":"2024-09-12T20:15:43","slug":"gtz-8119r-iso-lateral-chest-back","status":"publish","type":"product","link":"https:\/\/fitcr.com\/en\/product\/gtz-8119r-iso-lateral-chest-back\/","title":{"rendered":"GTZ-8119R ISO-LATERAL CHEST\/BACK"},"content":{"rendered":"<ul>\n<li>Machine size(L*W*H)mm:2005*1685*2020<\/li>\n<li>Pipe: 50*100*3mm, 40*80*3mm rectangular steel pipe R<\/li>\n<li>Machine weight: 200 kg<\/li>\n<\/ul>","protected":false},"excerpt":{"rendered":"<p>Tama\u00f1o de la m\u00e1quina (L*W*H)mm: 2005*1685*2020 Tubo: tubo de acero rectangular R de 50*100*3 mm, 40*80*3 mm Peso de la m\u00e1quina: 200 kg<\/p>","protected":false},"featured_media":2872,"template":"","meta":[],"product_brand":[],"product_cat":[42,43],"product_tag":[],"class_list":{"0":"post-2871","1":"product","2":"type-product","3":"status-publish","4":"has-post-thumbnail","6":"product_cat-fuerza","7":"product_cat-multi-funtional-trainer","9":"first","10":"instock","11":"taxable","12":"shipping-taxable","13":"purchasable","14":"product-type-simple"},"_links":{"self":[{"href":"https:\/\/fitcr.com\/en\/wp-json\/wp\/v2\/product\/2871","targetHints":{"allow":["GET"]}}],"collection":[{"href":"https:\/\/fitcr.com\/en\/wp-json\/wp\/v2\/product"}],"about":[{"href":"https:\/\/fitcr.com\/en\/wp-json\/wp\/v2\/types\/product"}],"wp:featuredmedia":[{"embeddable":true,"href":"https:\/\/fitcr.com\/en\/wp-json\/wp\/v2\/media\/2872"}],"wp:attachment":[{"href":"https:\/\/fitcr.com\/en\/wp-json\/wp\/v2\/media?parent=2871"}],"wp:term":[{"taxonomy":"product_brand","embeddable":true,"href":"https:\/\/fitcr.com\/en\/wp-json\/wp\/v2\/product_brand?post=2871"},{"taxonomy":"product_cat","embeddable":true,"href":"https:\/\/fitcr.com\/en\/wp-json\/wp\/v2\/product_cat?post=2871"},{"taxonomy":"product_tag","embeddable":true,"href":"https:\/\/fitcr.com\/en\/wp-json\/wp\/v2\/product_tag?post=2871"}],"curies":[{"name":"wp","href":"https:\/\/api.w.org\/{rel}","templated":true}]}}