{"id":2878,"date":"2024-05-16T11:06:51","date_gmt":"2024-05-16T17:06:51","guid":{"rendered":"https:\/\/fitcr.com\/?post_type=product&#038;p=2878"},"modified":"2025-08-16T11:11:51","modified_gmt":"2025-08-16T17:11:51","slug":"ggzy-170r-recumbent-home","status":"publish","type":"product","link":"https:\/\/fitcr.com\/en\/product\/ggzy-170r-recumbent-home\/","title":{"rendered":"GGZY-170R RECUMBENT HOME"},"content":{"rendered":"<ul>\n<li>Maximum user weight: 150 kg.<\/li>\n<li>Product size (length x width x height) cm: 1400*660*1640MM<\/li>\n<li>GW: 63Kgs NW: 58Kgs<\/li>\n<\/ul>\n<p>&nbsp;<\/p>\n<hr \/>\n<p>&nbsp;<\/p>\n<ul>\n<li>Self-generated, no electricity required.<\/li>\n<li>LCD display with two-color backlight.<\/li>\n<li>Tablet and phone holder.<\/li>\n<li>Built-in fan.<\/li>\n<li>With MP3 link and two built-in speakers.<\/li>\n<li>Optional: Bluetooth and app.<\/li>\n<\/ul>","protected":false},"excerpt":{"rendered":"<p>Peso m\u00e1ximo de los usuarios: 150 kg. Tama\u00f1o del producto (largo x ancho x alto) cm: 1400*660*1640MM G.W: 63Kgs N.W: 58Kgs &nbsp; &nbsp; Autogenerado, no requiere electricidad. Pantalla LCD con retroiluminaci\u00f3n de dos colores. Soporte para tableta y tel\u00e9fono. Ventilador incorporado. Con enlace mp3 y dos altavoces integrados. Opcional: Bluetooth y aplicaci\u00f3n.<\/p>","protected":false},"featured_media":3218,"template":"","meta":[],"product_brand":[],"product_cat":[24],"product_tag":[],"class_list":{"0":"post-2878","1":"product","2":"type-product","3":"status-publish","4":"has-post-thumbnail","6":"product_cat-linea-residencial","8":"first","9":"instock","10":"sale","11":"taxable","12":"shipping-taxable","13":"purchasable","14":"product-type-simple"},"_links":{"self":[{"href":"https:\/\/fitcr.com\/en\/wp-json\/wp\/v2\/product\/2878","targetHints":{"allow":["GET"]}}],"collection":[{"href":"https:\/\/fitcr.com\/en\/wp-json\/wp\/v2\/product"}],"about":[{"href":"https:\/\/fitcr.com\/en\/wp-json\/wp\/v2\/types\/product"}],"wp:featuredmedia":[{"embeddable":true,"href":"https:\/\/fitcr.com\/en\/wp-json\/wp\/v2\/media\/3218"}],"wp:attachment":[{"href":"https:\/\/fitcr.com\/en\/wp-json\/wp\/v2\/media?parent=2878"}],"wp:term":[{"taxonomy":"product_brand","embeddable":true,"href":"https:\/\/fitcr.com\/en\/wp-json\/wp\/v2\/product_brand?post=2878"},{"taxonomy":"product_cat","embeddable":true,"href":"https:\/\/fitcr.com\/en\/wp-json\/wp\/v2\/product_cat?post=2878"},{"taxonomy":"product_tag","embeddable":true,"href":"https:\/\/fitcr.com\/en\/wp-json\/wp\/v2\/product_tag?post=2878"}],"curies":[{"name":"wp","href":"https:\/\/api.w.org\/{rel}","templated":true}]}}