{"id":2960,"date":"2024-08-20T11:52:23","date_gmt":"2024-08-20T17:52:23","guid":{"rendered":"https:\/\/fitcr.com\/?post_type=product&#038;p=2960"},"modified":"2024-09-10T12:15:08","modified_gmt":"2024-09-10T18:15:08","slug":"tr156r-barra-hexagonal","status":"publish","type":"product","link":"https:\/\/fitcr.com\/en\/product\/tr156r-barra-hexagonal\/","title":{"rendered":"TR156R HEXAGON BAR"},"content":{"rendered":"<ul>\n<li>Es un equipo de entrenamiento de fuerza utilizado principalmente en ejercicios de levantamiento de pesas. Su dise\u00f1o y forma tienen caracter\u00edsticas espec\u00edficas que la hacen \u00fatil para ciertos tipos de ejercicios.<\/li>\n<li>\n<pre>Los cu\u00e1les son como: Sentadillas con Barra Hexagonal, peso Muerto (Deadlift)<\/pre>\n<\/li>\n<li>La barra hexagonal es una herramienta \u00fatil y vers\u00e1til en el gimnasio, especialmente para quienes buscan una alternativa a las barras tradicionales y desean trabajar en la forma y t\u00e9cnica de sus levantamientos.<\/li>\n<\/ul>","protected":false},"excerpt":{"rendered":"<p>Es un equipo de entrenamiento de fuerza utilizado principalmente en ejercicios de levantamiento de pesas. Su dise\u00f1o y forma tienen caracter\u00edsticas espec\u00edficas que la hacen \u00fatil para ciertos tipos de ejercicios. Los cu\u00e1les son como: Sentadillas con Barra Hexagonal, peso Muerto (Deadlift) La barra hexagonal es una herramienta \u00fatil y vers\u00e1til en el gimnasio, especialmente [&hellip;]<\/p>\n","protected":false},"featured_media":2961,"template":"","meta":[],"product_brand":[],"product_cat":[76],"product_tag":[],"class_list":{"0":"post-2960","1":"product","2":"type-product","3":"status-publish","4":"has-post-thumbnail","6":"product_cat-accesorios","8":"first","9":"instock","10":"taxable","11":"shipping-taxable","12":"purchasable","13":"product-type-simple"},"_links":{"self":[{"href":"https:\/\/fitcr.com\/en\/wp-json\/wp\/v2\/product\/2960","targetHints":{"allow":["GET"]}}],"collection":[{"href":"https:\/\/fitcr.com\/en\/wp-json\/wp\/v2\/product"}],"about":[{"href":"https:\/\/fitcr.com\/en\/wp-json\/wp\/v2\/types\/product"}],"wp:featuredmedia":[{"embeddable":true,"href":"https:\/\/fitcr.com\/en\/wp-json\/wp\/v2\/media\/2961"}],"wp:attachment":[{"href":"https:\/\/fitcr.com\/en\/wp-json\/wp\/v2\/media?parent=2960"}],"wp:term":[{"taxonomy":"product_brand","embeddable":true,"href":"https:\/\/fitcr.com\/en\/wp-json\/wp\/v2\/product_brand?post=2960"},{"taxonomy":"product_cat","embeddable":true,"href":"https:\/\/fitcr.com\/en\/wp-json\/wp\/v2\/product_cat?post=2960"},{"taxonomy":"product_tag","embeddable":true,"href":"https:\/\/fitcr.com\/en\/wp-json\/wp\/v2\/product_tag?post=2960"}],"curies":[{"name":"wp","href":"https:\/\/api.w.org\/{rel}","templated":true}]}}