{"id":2971,"date":"2024-09-09T10:01:52","date_gmt":"2024-09-09T16:01:52","guid":{"rendered":"https:\/\/fitcr.com\/?post_type=product&#038;p=2971"},"modified":"2024-09-11T09:42:12","modified_gmt":"2024-09-11T15:42:12","slug":"power-rack-tr200r","status":"publish","type":"product","link":"https:\/\/fitcr.com\/en\/product\/power-rack-tr200r\/","title":{"rendered":"TR200R POWER RACK"},"content":{"rendered":"<p><strong>LEVANTA CON SEGURIDAD MU\u00c9VETE CON LIBERTAD<\/strong><\/p>\n<ul>\n<li>Dimensiones: 215 cm x 210 cm x 235 cm<\/li>\n<li>Peso m\u00e1ximo.<\/li>\n<li>Levanta pesas de manera segura y eficiente<\/li>\n<\/ul>\n<p>&nbsp;<\/p>\n<hr \/>\n<p>&nbsp;<\/p>\n<ul>\n<li><strong>Versatilidad en los Ejercicios<\/strong>: Puedes realizar una variedad de ejercicios con un power rack, como sentadillas, press de banca, peso muerto y muchos m\u00e1s. Tambi\u00e9n suele permitir el uso de bandas de resistencia y otros accesorios para diversificar el entrenamiento.<\/li>\n<li><strong>Ajuste Personalizado<\/strong>: Los soportes y las barras en el power rack son ajustables, lo que significa que puedes personalizar la altura seg\u00fan el ejercicio que est\u00e9s realizando y tu propia estatura. Esto facilita una t\u00e9cnica adecuada y un rango de movimiento seguro.<\/li>\n<\/ul>","protected":false},"excerpt":{"rendered":"<p>LEVANTA CON SEGURIDAD MU\u00c9VETE CON LIBERTAD Dimensiones: 215 cm x 210 cm x 235 cm Peso m\u00e1ximo. Levanta pesas de manera segura y eficiente &nbsp; &nbsp; Versatilidad en los Ejercicios: Puedes realizar una variedad de ejercicios con un power rack, como sentadillas, press de banca, peso muerto y muchos m\u00e1s. Tambi\u00e9n suele permitir el uso [&hellip;]<\/p>\n","protected":false},"featured_media":2972,"template":"","meta":[],"product_brand":[],"product_cat":[42],"product_tag":[],"class_list":{"0":"post-2971","1":"product","2":"type-product","3":"status-publish","4":"has-post-thumbnail","6":"product_cat-fuerza","8":"first","9":"instock","10":"taxable","11":"shipping-taxable","12":"purchasable","13":"product-type-simple"},"_links":{"self":[{"href":"https:\/\/fitcr.com\/en\/wp-json\/wp\/v2\/product\/2971","targetHints":{"allow":["GET"]}}],"collection":[{"href":"https:\/\/fitcr.com\/en\/wp-json\/wp\/v2\/product"}],"about":[{"href":"https:\/\/fitcr.com\/en\/wp-json\/wp\/v2\/types\/product"}],"wp:featuredmedia":[{"embeddable":true,"href":"https:\/\/fitcr.com\/en\/wp-json\/wp\/v2\/media\/2972"}],"wp:attachment":[{"href":"https:\/\/fitcr.com\/en\/wp-json\/wp\/v2\/media?parent=2971"}],"wp:term":[{"taxonomy":"product_brand","embeddable":true,"href":"https:\/\/fitcr.com\/en\/wp-json\/wp\/v2\/product_brand?post=2971"},{"taxonomy":"product_cat","embeddable":true,"href":"https:\/\/fitcr.com\/en\/wp-json\/wp\/v2\/product_cat?post=2971"},{"taxonomy":"product_tag","embeddable":true,"href":"https:\/\/fitcr.com\/en\/wp-json\/wp\/v2\/product_tag?post=2971"}],"curies":[{"name":"wp","href":"https:\/\/api.w.org\/{rel}","templated":true}]}}