{"id":2973,"date":"2024-09-10T11:37:23","date_gmt":"2024-09-10T17:37:23","guid":{"rendered":"https:\/\/fitcr.com\/?post_type=product&#038;p=2973"},"modified":"2025-09-29T08:51:19","modified_gmt":"2025-09-29T14:51:19","slug":"ghp-004r-seated-row","status":"publish","type":"product","link":"https:\/\/fitcr.com\/en\/product\/ghp-004r-seated-row\/","title":{"rendered":"GHP-004R SEATED ROW"},"content":{"rendered":"<ul>\n<li>Machine size: <span style=\"font-size: 16px\">1790*1500*1210mm. \u00a0\u00a0<\/span><\/li>\n<li>Peso de la m\u00e1quina: 169 kg<\/li>\n<\/ul>\n<p>&nbsp;<\/p>\n<hr \/>\n<p>&nbsp;<\/p>\n<ul>\n<li>Ajuste autom\u00e1tico del brazo de movimiento, lo que permite al usuario tirar del mango hacia abajo para fortalecer los m\u00fasculos de la espalda media e inferior.<span class=\"Apple-converted-space\">\u00a0<\/span><\/li>\n<li>El mango giratorio proporciona rotaci\u00f3n interna, posici\u00f3n neutra y agarre supino.<\/li>\n<\/ul>\n<p>&nbsp;<\/p>","protected":false},"excerpt":{"rendered":"<p>Tama\u00f1o de la m\u00e1quina: 1790*1500*1210mm. \u00a0\u00a0 Peso de la m\u00e1quina: 169 kg &nbsp; &nbsp; Ajuste autom\u00e1tico del brazo de movimiento, lo que permite al usuario tirar del mango hacia abajo para fortalecer los m\u00fasculos de la espalda media e inferior.\u00a0 El mango giratorio proporciona rotaci\u00f3n interna, posici\u00f3n neutra y agarre supino. &nbsp;<\/p>","protected":false},"featured_media":2974,"template":"","meta":[],"product_brand":[],"product_cat":[42],"product_tag":[],"class_list":{"0":"post-2973","1":"product","2":"type-product","3":"status-publish","4":"has-post-thumbnail","6":"product_cat-fuerza","8":"first","9":"instock","10":"sale","11":"taxable","12":"shipping-taxable","13":"purchasable","14":"product-type-simple"},"_links":{"self":[{"href":"https:\/\/fitcr.com\/en\/wp-json\/wp\/v2\/product\/2973","targetHints":{"allow":["GET"]}}],"collection":[{"href":"https:\/\/fitcr.com\/en\/wp-json\/wp\/v2\/product"}],"about":[{"href":"https:\/\/fitcr.com\/en\/wp-json\/wp\/v2\/types\/product"}],"wp:featuredmedia":[{"embeddable":true,"href":"https:\/\/fitcr.com\/en\/wp-json\/wp\/v2\/media\/2974"}],"wp:attachment":[{"href":"https:\/\/fitcr.com\/en\/wp-json\/wp\/v2\/media?parent=2973"}],"wp:term":[{"taxonomy":"product_brand","embeddable":true,"href":"https:\/\/fitcr.com\/en\/wp-json\/wp\/v2\/product_brand?post=2973"},{"taxonomy":"product_cat","embeddable":true,"href":"https:\/\/fitcr.com\/en\/wp-json\/wp\/v2\/product_cat?post=2973"},{"taxonomy":"product_tag","embeddable":true,"href":"https:\/\/fitcr.com\/en\/wp-json\/wp\/v2\/product_tag?post=2973"}],"curies":[{"name":"wp","href":"https:\/\/api.w.org\/{rel}","templated":true}]}}