{"id":2984,"date":"2024-09-10T12:07:51","date_gmt":"2024-09-10T18:07:51","guid":{"rendered":"https:\/\/fitcr.com\/?post_type=product&#038;p=2984"},"modified":"2024-12-19T13:43:20","modified_gmt":"2024-12-19T19:43:20","slug":"ghp-012r-standing-calf-raise","status":"publish","type":"product","link":"https:\/\/fitcr.com\/en\/product\/ghp-012r-standing-calf-raise\/","title":{"rendered":"GHP-012R STANDING CALF RAISE"},"content":{"rendered":"<ul>\n<li>Machine size: <span style=\"font-size: 16px\">1460*1370*2050mm<\/span><\/li>\n<li>Peso de la m\u00e1quina: 166 kg<\/li>\n<\/ul>\n<p>&nbsp;<\/p>\n<hr \/>\n<p>&nbsp;<\/p>\n<ul>\n<li>La plataforma inclinada para los pies gira para concentrar el movimiento de<span class=\"Apple-converted-space\">\u00a0<\/span>los m\u00fasculos del tobillo y la pantorrilla, logrando mayores reflejos y<span class=\"Apple-converted-space\">\u00a0<\/span>reduciendo la presi\u00f3n en las plantas de los pies.<span class=\"Apple-converted-space\">\u00a0<\/span><\/li>\n<\/ul>\n<p>&nbsp;<\/p>","protected":false},"excerpt":{"rendered":"<p>Tama\u00f1o de la m\u00e1quina: 1460*1370*2050mm Peso de la m\u00e1quina: 166 kg &nbsp; &nbsp; La plataforma inclinada para los pies gira para concentrar el movimiento de\u00a0los m\u00fasculos del tobillo y la pantorrilla, logrando mayores reflejos y\u00a0reduciendo la presi\u00f3n en las plantas de los pies.\u00a0 &nbsp;<\/p>","protected":false},"featured_media":2986,"template":"","meta":[],"product_brand":[],"product_cat":[42],"product_tag":[],"class_list":{"0":"post-2984","1":"product","2":"type-product","3":"status-publish","4":"has-post-thumbnail","6":"product_cat-fuerza","8":"first","9":"instock","10":"taxable","11":"shipping-taxable","12":"purchasable","13":"product-type-simple"},"_links":{"self":[{"href":"https:\/\/fitcr.com\/en\/wp-json\/wp\/v2\/product\/2984","targetHints":{"allow":["GET"]}}],"collection":[{"href":"https:\/\/fitcr.com\/en\/wp-json\/wp\/v2\/product"}],"about":[{"href":"https:\/\/fitcr.com\/en\/wp-json\/wp\/v2\/types\/product"}],"wp:featuredmedia":[{"embeddable":true,"href":"https:\/\/fitcr.com\/en\/wp-json\/wp\/v2\/media\/2986"}],"wp:attachment":[{"href":"https:\/\/fitcr.com\/en\/wp-json\/wp\/v2\/media?parent=2984"}],"wp:term":[{"taxonomy":"product_brand","embeddable":true,"href":"https:\/\/fitcr.com\/en\/wp-json\/wp\/v2\/product_brand?post=2984"},{"taxonomy":"product_cat","embeddable":true,"href":"https:\/\/fitcr.com\/en\/wp-json\/wp\/v2\/product_cat?post=2984"},{"taxonomy":"product_tag","embeddable":true,"href":"https:\/\/fitcr.com\/en\/wp-json\/wp\/v2\/product_tag?post=2984"}],"curies":[{"name":"wp","href":"https:\/\/api.w.org\/{rel}","templated":true}]}}