{"id":2991,"date":"2024-09-10T12:39:58","date_gmt":"2024-09-10T18:39:58","guid":{"rendered":"https:\/\/fitcr.com\/?post_type=product&#038;p=2991"},"modified":"2024-12-19T13:43:38","modified_gmt":"2024-12-19T19:43:38","slug":"ghp-206r-leg-extension-leg-curl","status":"publish","type":"product","link":"https:\/\/fitcr.com\/en\/product\/ghp-206r-leg-extension-leg-curl\/","title":{"rendered":"GHP-206R LEG EXTENSION\/LEG CURL"},"content":{"rendered":"<ul>\n<li>Machine size: <span style=\"font-size: 16px\">1470*1240*1360mm<\/span><\/li>\n<li>Machine weight: 253 kg<\/li>\n<li>Weight stack: 100 kg<\/li>\n<\/ul>\n<p>&nbsp;<\/p>\n<hr \/>\n<p>&nbsp;<\/p>\n<ul>\n<li>Eight back pad adjustments for different leg lengths.<span class=\"Apple-converted-space\">\u00a0<\/span><\/li>\n<li>Multiple range of motion adjustments for both exercises.<\/li>\n<\/ul>","protected":false},"excerpt":{"rendered":"<p>Tama\u00f1o de la m\u00e1quina: 1470*1240*1360mm Peso de la m\u00e1quina: 253 kg Stack de peso: 100 kg &nbsp; &nbsp; Ocho ajustes de almohadilla para la espalda para distintas longitudes de piernas.\u00a0 M\u00faltiples ajustes de rango de movimiento para ambos ejercicios.<\/p>","protected":false},"featured_media":2993,"template":"","meta":[],"product_brand":[],"product_cat":[42],"product_tag":[],"class_list":{"0":"post-2991","1":"product","2":"type-product","3":"status-publish","4":"has-post-thumbnail","6":"product_cat-fuerza","8":"first","9":"instock","10":"taxable","11":"shipping-taxable","12":"purchasable","13":"product-type-simple"},"_links":{"self":[{"href":"https:\/\/fitcr.com\/en\/wp-json\/wp\/v2\/product\/2991","targetHints":{"allow":["GET"]}}],"collection":[{"href":"https:\/\/fitcr.com\/en\/wp-json\/wp\/v2\/product"}],"about":[{"href":"https:\/\/fitcr.com\/en\/wp-json\/wp\/v2\/types\/product"}],"wp:featuredmedia":[{"embeddable":true,"href":"https:\/\/fitcr.com\/en\/wp-json\/wp\/v2\/media\/2993"}],"wp:attachment":[{"href":"https:\/\/fitcr.com\/en\/wp-json\/wp\/v2\/media?parent=2991"}],"wp:term":[{"taxonomy":"product_brand","embeddable":true,"href":"https:\/\/fitcr.com\/en\/wp-json\/wp\/v2\/product_brand?post=2991"},{"taxonomy":"product_cat","embeddable":true,"href":"https:\/\/fitcr.com\/en\/wp-json\/wp\/v2\/product_cat?post=2991"},{"taxonomy":"product_tag","embeddable":true,"href":"https:\/\/fitcr.com\/en\/wp-json\/wp\/v2\/product_tag?post=2991"}],"curies":[{"name":"wp","href":"https:\/\/api.w.org\/{rel}","templated":true}]}}