{"id":2995,"date":"2024-09-10T12:43:50","date_gmt":"2024-09-10T18:43:50","guid":{"rendered":"https:\/\/fitcr.com\/?post_type=product&#038;p=2995"},"modified":"2024-12-19T13:44:03","modified_gmt":"2024-12-19T19:44:03","slug":"ghp-124r-prone-leg-curl","status":"publish","type":"product","link":"https:\/\/fitcr.com\/en\/product\/ghp-124r-prone-leg-curl\/","title":{"rendered":"GHP-124R PRONE LEG CURL"},"content":{"rendered":"<ul>\n<li>Machine size: <span style=\"font-size: 16px\">1550*1200*1360mm<\/span><\/li>\n<li>Peso de la m\u00e1quina: 217 kg<\/li>\n<li>Weight stack: 100 kg<\/li>\n<\/ul>\n<p>&nbsp;<\/p>\n<hr \/>\n<p>&nbsp;<\/p>\n<ul>\n<li>El movimiento de balanceo del torso superior durante el ejercicio ofrece mayor flexibilidad y rango de movimiento.<\/li>\n<li>El movimiento de balanceo hacia abajo mantiene la columna y el cuello en la alineaci\u00f3n correcta a diferencia de los ejercicios tradicionales de flexiones de piernas en dec\u00fabito prono.<\/li>\n<\/ul>","protected":false},"excerpt":{"rendered":"<p>Tama\u00f1o de la m\u00e1quina: 1550*1200*1360mm Peso de la m\u00e1quina: 217 kg Stack de peso: 100 kg &nbsp; &nbsp; El movimiento de balanceo del torso superior durante el ejercicio ofrece mayor flexibilidad y rango de movimiento. El movimiento de balanceo hacia abajo mantiene la columna y el cuello en la alineaci\u00f3n correcta a diferencia de los [&hellip;]<\/p>\n","protected":false},"featured_media":2996,"template":"","meta":[],"product_brand":[],"product_cat":[42],"product_tag":[],"class_list":{"0":"post-2995","1":"product","2":"type-product","3":"status-publish","4":"has-post-thumbnail","6":"product_cat-fuerza","8":"first","9":"instock","10":"taxable","11":"shipping-taxable","12":"purchasable","13":"product-type-simple"},"_links":{"self":[{"href":"https:\/\/fitcr.com\/en\/wp-json\/wp\/v2\/product\/2995","targetHints":{"allow":["GET"]}}],"collection":[{"href":"https:\/\/fitcr.com\/en\/wp-json\/wp\/v2\/product"}],"about":[{"href":"https:\/\/fitcr.com\/en\/wp-json\/wp\/v2\/types\/product"}],"wp:featuredmedia":[{"embeddable":true,"href":"https:\/\/fitcr.com\/en\/wp-json\/wp\/v2\/media\/2996"}],"wp:attachment":[{"href":"https:\/\/fitcr.com\/en\/wp-json\/wp\/v2\/media?parent=2995"}],"wp:term":[{"taxonomy":"product_brand","embeddable":true,"href":"https:\/\/fitcr.com\/en\/wp-json\/wp\/v2\/product_brand?post=2995"},{"taxonomy":"product_cat","embeddable":true,"href":"https:\/\/fitcr.com\/en\/wp-json\/wp\/v2\/product_cat?post=2995"},{"taxonomy":"product_tag","embeddable":true,"href":"https:\/\/fitcr.com\/en\/wp-json\/wp\/v2\/product_tag?post=2995"}],"curies":[{"name":"wp","href":"https:\/\/api.w.org\/{rel}","templated":true}]}}