{"id":2999,"date":"2024-09-10T12:49:52","date_gmt":"2024-09-10T18:49:52","guid":{"rendered":"https:\/\/fitcr.com\/?post_type=product&#038;p=2999"},"modified":"2024-12-19T13:44:34","modified_gmt":"2024-12-19T19:44:34","slug":"ghp-203r-lat-pulldown-mid-row","status":"publish","type":"product","link":"https:\/\/fitcr.com\/en\/product\/ghp-203r-lat-pulldown-mid-row\/","title":{"rendered":"GHP-203R LAT PULLDOWN\/MID ROW"},"content":{"rendered":"<ul>\n<li>Machine size: <span style=\"font-size: 16px\">1630*810*2290mm<\/span><\/li>\n<li>Machine weight: 244 kg<\/li>\n<li>Weight stack: 100 kg<\/li>\n<\/ul>\n<p>&nbsp;<\/p>\n<hr \/>\n<p>&nbsp;<\/p>\n<ul>\n<li>La almohadilla telesc\u00f3pica para el pecho con sujeci\u00f3n integrada para el muslo proporciona una posici\u00f3n y un soporte adecuados para ejercicios de polea hacia abajo y de remo a mitad de carrera.<\/li>\n<li>Agarres de mano de doble posici\u00f3n para ejercicios de remo a mitad de carrera.<\/li>\n<\/ul>","protected":false},"excerpt":{"rendered":"<p>Tama\u00f1o de la m\u00e1quina: 1630*810*2290mm Peso de la m\u00e1quina: 244 kg Stack de peso: 100 kg &nbsp; &nbsp; La almohadilla telesc\u00f3pica para el pecho con sujeci\u00f3n integrada para el muslo proporciona una posici\u00f3n y un soporte adecuados para ejercicios de polea hacia abajo y de remo a mitad de carrera. Agarres de mano de doble [&hellip;]<\/p>\n","protected":false},"featured_media":2998,"template":"","meta":[],"product_brand":[],"product_cat":[42],"product_tag":[],"class_list":{"0":"post-2999","1":"product","2":"type-product","3":"status-publish","4":"has-post-thumbnail","6":"product_cat-fuerza","8":"first","9":"instock","10":"taxable","11":"shipping-taxable","12":"purchasable","13":"product-type-simple"},"_links":{"self":[{"href":"https:\/\/fitcr.com\/en\/wp-json\/wp\/v2\/product\/2999","targetHints":{"allow":["GET"]}}],"collection":[{"href":"https:\/\/fitcr.com\/en\/wp-json\/wp\/v2\/product"}],"about":[{"href":"https:\/\/fitcr.com\/en\/wp-json\/wp\/v2\/types\/product"}],"wp:featuredmedia":[{"embeddable":true,"href":"https:\/\/fitcr.com\/en\/wp-json\/wp\/v2\/media\/2998"}],"wp:attachment":[{"href":"https:\/\/fitcr.com\/en\/wp-json\/wp\/v2\/media?parent=2999"}],"wp:term":[{"taxonomy":"product_brand","embeddable":true,"href":"https:\/\/fitcr.com\/en\/wp-json\/wp\/v2\/product_brand?post=2999"},{"taxonomy":"product_cat","embeddable":true,"href":"https:\/\/fitcr.com\/en\/wp-json\/wp\/v2\/product_cat?post=2999"},{"taxonomy":"product_tag","embeddable":true,"href":"https:\/\/fitcr.com\/en\/wp-json\/wp\/v2\/product_tag?post=2999"}],"curies":[{"name":"wp","href":"https:\/\/api.w.org\/{rel}","templated":true}]}}