{"id":3000,"date":"2024-09-10T12:53:54","date_gmt":"2024-09-10T18:53:54","guid":{"rendered":"https:\/\/fitcr.com\/?post_type=product&#038;p=3000"},"modified":"2024-12-19T13:45:18","modified_gmt":"2024-12-19T19:45:18","slug":"ghp-212r-inner-thig-outer-thig","status":"publish","type":"product","link":"https:\/\/fitcr.com\/en\/product\/ghp-212r-inner-thig-outer-thig\/","title":{"rendered":"GHP-212R INNER THIGH\/OUTER THIGH"},"content":{"rendered":"<ul>\n<li>Machine size: <span style=\"font-size: 16px\">1840*820*1360mm<\/span><\/li>\n<li>Peso de la m\u00e1quina: 252 kg<\/li>\n<li>Weight stack: 100 kg<\/li>\n<\/ul>\n<p>&nbsp;<\/p>\n<hr \/>\n<p>&nbsp;<\/p>\n<ul>\n<li>Se utiliza para aductores y abductores en una sola m\u00e1quina<\/li>\n<li>Siete ajustes del coj\u00edn del asiento para distintas alturas de usuario<\/li>\n<li>Multiple range of motion adjustments for both exercises.<\/li>\n<\/ul>","protected":false},"excerpt":{"rendered":"<p>Tama\u00f1o de la m\u00e1quina: 1840*820*1360mm Peso de la m\u00e1quina: 252 kg Stack de peso: 100 kg &nbsp; &nbsp; Se utiliza para aductores y abductores en una sola m\u00e1quina Siete ajustes del coj\u00edn del asiento para distintas alturas de usuario M\u00faltiples ajustes de rango de movimiento para ambos ejercicios.<\/p>","protected":false},"featured_media":3001,"template":"","meta":[],"product_brand":[],"product_cat":[42],"product_tag":[],"class_list":{"0":"post-3000","1":"product","2":"type-product","3":"status-publish","4":"has-post-thumbnail","6":"product_cat-fuerza","8":"first","9":"instock","10":"taxable","11":"shipping-taxable","12":"purchasable","13":"product-type-simple"},"_links":{"self":[{"href":"https:\/\/fitcr.com\/en\/wp-json\/wp\/v2\/product\/3000","targetHints":{"allow":["GET"]}}],"collection":[{"href":"https:\/\/fitcr.com\/en\/wp-json\/wp\/v2\/product"}],"about":[{"href":"https:\/\/fitcr.com\/en\/wp-json\/wp\/v2\/types\/product"}],"wp:featuredmedia":[{"embeddable":true,"href":"https:\/\/fitcr.com\/en\/wp-json\/wp\/v2\/media\/3001"}],"wp:attachment":[{"href":"https:\/\/fitcr.com\/en\/wp-json\/wp\/v2\/media?parent=3000"}],"wp:term":[{"taxonomy":"product_brand","embeddable":true,"href":"https:\/\/fitcr.com\/en\/wp-json\/wp\/v2\/product_brand?post=3000"},{"taxonomy":"product_cat","embeddable":true,"href":"https:\/\/fitcr.com\/en\/wp-json\/wp\/v2\/product_cat?post=3000"},{"taxonomy":"product_tag","embeddable":true,"href":"https:\/\/fitcr.com\/en\/wp-json\/wp\/v2\/product_tag?post=3000"}],"curies":[{"name":"wp","href":"https:\/\/api.w.org\/{rel}","templated":true}]}}