{"id":3002,"date":"2024-09-10T12:57:56","date_gmt":"2024-09-10T18:57:56","guid":{"rendered":"https:\/\/fitcr.com\/?post_type=product&#038;p=3002"},"modified":"2025-12-03T08:12:01","modified_gmt":"2025-12-03T14:12:01","slug":"ghp-011r-hack-squat-dead-lift","status":"publish","type":"product","link":"https:\/\/fitcr.com\/en\/product\/ghp-011r-hack-squat-dead-lift\/","title":{"rendered":"GHP-011R HACK SQUAT\/DEAD LIFT"},"content":{"rendered":"<ul>\n<li>Machine size: \u00a0<span style=\"font-size: 16px\">2230*1570*1480mm<\/span><\/li>\n<li>Peso de la m\u00e1quina: 277 kg<\/li>\n<\/ul>\n<p>&nbsp;<\/p>\n<hr \/>\n<p>&nbsp;<\/p>\n<ul>\n<li>El respaldo ajustable y el coj\u00edn del asiento ayudan a mantener la neutralidad de la columna durante el ejercicio, lo que reduce la presi\u00f3n sobre los m\u00fasculos de la espalda.<\/li>\n<li>El reposapi\u00e9s de gran tama\u00f1o permite m\u00faltiples posiciones de los pies para garantizar una mec\u00e1nica humana correcta durante el movimiento.<\/li>\n<li>Gire el mango para proporcionar la posici\u00f3n correcta.<\/li>\n<\/ul>","protected":false},"excerpt":{"rendered":"<p>Tama\u00f1o de la m\u00e1quina: \u00a02230*1570*1480mm Peso de la m\u00e1quina: 277 kg &nbsp; &nbsp; El respaldo ajustable y el coj\u00edn del asiento ayudan a mantener la neutralidad de la columna durante el ejercicio, lo que reduce la presi\u00f3n sobre los m\u00fasculos de la espalda. El reposapi\u00e9s de gran tama\u00f1o permite m\u00faltiples posiciones de los pies para [&hellip;]<\/p>\n","protected":false},"featured_media":3003,"template":"","meta":[],"product_brand":[],"product_cat":[42],"product_tag":[],"class_list":{"0":"post-3002","1":"product","2":"type-product","3":"status-publish","4":"has-post-thumbnail","6":"product_cat-fuerza","8":"first","9":"instock","10":"taxable","11":"shipping-taxable","12":"purchasable","13":"product-type-simple"},"_links":{"self":[{"href":"https:\/\/fitcr.com\/en\/wp-json\/wp\/v2\/product\/3002","targetHints":{"allow":["GET"]}}],"collection":[{"href":"https:\/\/fitcr.com\/en\/wp-json\/wp\/v2\/product"}],"about":[{"href":"https:\/\/fitcr.com\/en\/wp-json\/wp\/v2\/types\/product"}],"wp:featuredmedia":[{"embeddable":true,"href":"https:\/\/fitcr.com\/en\/wp-json\/wp\/v2\/media\/3003"}],"wp:attachment":[{"href":"https:\/\/fitcr.com\/en\/wp-json\/wp\/v2\/media?parent=3002"}],"wp:term":[{"taxonomy":"product_brand","embeddable":true,"href":"https:\/\/fitcr.com\/en\/wp-json\/wp\/v2\/product_brand?post=3002"},{"taxonomy":"product_cat","embeddable":true,"href":"https:\/\/fitcr.com\/en\/wp-json\/wp\/v2\/product_cat?post=3002"},{"taxonomy":"product_tag","embeddable":true,"href":"https:\/\/fitcr.com\/en\/wp-json\/wp\/v2\/product_tag?post=3002"}],"curies":[{"name":"wp","href":"https:\/\/api.w.org\/{rel}","templated":true}]}}