{"id":3012,"date":"2024-09-10T14:52:55","date_gmt":"2024-09-10T20:52:55","guid":{"rendered":"https:\/\/fitcr.com\/?post_type=product&#038;p=3012"},"modified":"2024-12-19T13:46:03","modified_gmt":"2024-12-19T19:46:03","slug":"ghp-211r-pec-fly-rear-delt","status":"publish","type":"product","link":"https:\/\/fitcr.com\/en\/product\/ghp-211r-pec-fly-rear-delt\/","title":{"rendered":"GHP-211R PEC FLY\/REAR DELT"},"content":{"rendered":"<ul>\n<li>Machine size: <span style=\"font-size: 16px\">1420*1730*2030m<\/span><\/li>\n<li>Peso de la m\u00e1quina: 279 kg<\/li>\n<li>Weight stack: 100 kg<\/li>\n<\/ul>","protected":false},"excerpt":{"rendered":"<p>Tama\u00f1o de la m\u00e1quina: 1420*1730*2030m Peso de la m\u00e1quina: 279 kg Stack de peso: 100 kg<\/p>","protected":false},"featured_media":2992,"template":"","meta":[],"product_brand":[],"product_cat":[42],"product_tag":[],"class_list":{"0":"post-3012","1":"product","2":"type-product","3":"status-publish","4":"has-post-thumbnail","6":"product_cat-fuerza","8":"first","9":"instock","10":"taxable","11":"shipping-taxable","12":"purchasable","13":"product-type-simple"},"_links":{"self":[{"href":"https:\/\/fitcr.com\/en\/wp-json\/wp\/v2\/product\/3012","targetHints":{"allow":["GET"]}}],"collection":[{"href":"https:\/\/fitcr.com\/en\/wp-json\/wp\/v2\/product"}],"about":[{"href":"https:\/\/fitcr.com\/en\/wp-json\/wp\/v2\/types\/product"}],"wp:featuredmedia":[{"embeddable":true,"href":"https:\/\/fitcr.com\/en\/wp-json\/wp\/v2\/media\/2992"}],"wp:attachment":[{"href":"https:\/\/fitcr.com\/en\/wp-json\/wp\/v2\/media?parent=3012"}],"wp:term":[{"taxonomy":"product_brand","embeddable":true,"href":"https:\/\/fitcr.com\/en\/wp-json\/wp\/v2\/product_brand?post=3012"},{"taxonomy":"product_cat","embeddable":true,"href":"https:\/\/fitcr.com\/en\/wp-json\/wp\/v2\/product_cat?post=3012"},{"taxonomy":"product_tag","embeddable":true,"href":"https:\/\/fitcr.com\/en\/wp-json\/wp\/v2\/product_tag?post=3012"}],"curies":[{"name":"wp","href":"https:\/\/api.w.org\/{rel}","templated":true}]}}