{"id":3028,"date":"2024-09-12T09:17:36","date_gmt":"2024-09-12T15:17:36","guid":{"rendered":"https:\/\/fitcr.com\/?post_type=product&#038;p=3028"},"modified":"2024-12-19T13:47:17","modified_gmt":"2024-12-19T19:47:17","slug":"ghp-mp12-glute-machine","status":"publish","type":"product","link":"https:\/\/fitcr.com\/en\/product\/ghp-mp12-glute-machine\/","title":{"rendered":"GHP-MP12 GLUTE MACHINE"},"content":{"rendered":"<ul>\n<li>Machine size: <span style=\"font-size: 16px\">1370*1450*1440 mm<\/span><\/li>\n<li>Peso de la m\u00e1quina: 145 kg<\/li>\n<\/ul>\n<p>&nbsp;<\/p>\n<hr \/>\n<p>&nbsp;<\/p>\n<ul>\n<li>M\u00e1quina para entrenamiento de gl\u00fateos Biomec\u00e1nica Avanzada Movimiento aislado de partes m\u00f3viles Medidas de protecci\u00f3n seguras<\/li>\n<li>Para correr, entrenamiento de fuerza y \u200b\u200bentrenamiento de gl\u00fateos.<\/li>\n<li>Compatible con entrenamiento con pesas pesadas.<\/li>\n<\/ul>","protected":false},"excerpt":{"rendered":"<p>Tama\u00f1o de la m\u00e1quina: 1370*1450*1440 mm Peso de la m\u00e1quina: 145 kg &nbsp; &nbsp; M\u00e1quina para entrenamiento de gl\u00fateos Biomec\u00e1nica Avanzada Movimiento aislado de partes m\u00f3viles Medidas de protecci\u00f3n seguras Para correr, entrenamiento de fuerza y \u200b\u200bentrenamiento de gl\u00fateos. Compatible con entrenamiento con pesas pesadas.<\/p>","protected":false},"featured_media":3029,"template":"","meta":[],"product_brand":[],"product_cat":[42],"product_tag":[],"class_list":{"0":"post-3028","1":"product","2":"type-product","3":"status-publish","4":"has-post-thumbnail","6":"product_cat-fuerza","8":"first","9":"instock","10":"taxable","11":"shipping-taxable","12":"purchasable","13":"product-type-simple"},"_links":{"self":[{"href":"https:\/\/fitcr.com\/en\/wp-json\/wp\/v2\/product\/3028","targetHints":{"allow":["GET"]}}],"collection":[{"href":"https:\/\/fitcr.com\/en\/wp-json\/wp\/v2\/product"}],"about":[{"href":"https:\/\/fitcr.com\/en\/wp-json\/wp\/v2\/types\/product"}],"wp:featuredmedia":[{"embeddable":true,"href":"https:\/\/fitcr.com\/en\/wp-json\/wp\/v2\/media\/3029"}],"wp:attachment":[{"href":"https:\/\/fitcr.com\/en\/wp-json\/wp\/v2\/media?parent=3028"}],"wp:term":[{"taxonomy":"product_brand","embeddable":true,"href":"https:\/\/fitcr.com\/en\/wp-json\/wp\/v2\/product_brand?post=3028"},{"taxonomy":"product_cat","embeddable":true,"href":"https:\/\/fitcr.com\/en\/wp-json\/wp\/v2\/product_cat?post=3028"},{"taxonomy":"product_tag","embeddable":true,"href":"https:\/\/fitcr.com\/en\/wp-json\/wp\/v2\/product_tag?post=3028"}],"curies":[{"name":"wp","href":"https:\/\/api.w.org\/{rel}","templated":true}]}}