{"id":3032,"date":"2024-09-12T09:17:50","date_gmt":"2024-09-12T15:17:50","guid":{"rendered":"https:\/\/fitcr.com\/?post_type=product&#038;p=3032"},"modified":"2024-12-19T13:47:39","modified_gmt":"2024-12-19T19:47:39","slug":"ghp-208r-leg-press-calf-raise","status":"publish","type":"product","link":"https:\/\/fitcr.com\/en\/product\/ghp-208r-leg-press-calf-raise\/","title":{"rendered":"GHP-208R LEG PRESS\/CALF RAISE"},"content":{"rendered":"<ul>\n<li>Machine size: <span style=\"font-size: 16px\">1800*1320*1600<\/span><\/li>\n<li>Peso de la m\u00e1quina: 276 kg<\/li>\n<li>stack de peso: 100 kg<\/li>\n<\/ul>\n<p>&nbsp;<\/p>\n<hr \/>\n<p>&nbsp;<\/p>\n<ul>\n<li>Tipos de ajustes del asiento para adaptarse a usuarios con diferentes longitudes de piernas.<\/li>\n<li>El pedal de gran tama\u00f1o con forma ovalada se puede utilizar para patadas o entrenamiento de pantorrillas.<\/li>\n<\/ul>","protected":false},"excerpt":{"rendered":"<p>Tama\u00f1o de la m\u00e1quina: 1800*1320*1600 Peso de la m\u00e1quina: 276 kg stack de peso: 100 kg &nbsp; &nbsp; Tipos de ajustes del asiento para adaptarse a usuarios con diferentes longitudes de piernas. El pedal de gran tama\u00f1o con forma ovalada se puede utilizar para patadas o entrenamiento de pantorrillas.<\/p>","protected":false},"featured_media":3033,"template":"","meta":[],"product_brand":[],"product_cat":[42],"product_tag":[],"class_list":{"0":"post-3032","1":"product","2":"type-product","3":"status-publish","4":"has-post-thumbnail","6":"product_cat-fuerza","8":"first","9":"instock","10":"taxable","11":"shipping-taxable","12":"purchasable","13":"product-type-simple"},"_links":{"self":[{"href":"https:\/\/fitcr.com\/en\/wp-json\/wp\/v2\/product\/3032","targetHints":{"allow":["GET"]}}],"collection":[{"href":"https:\/\/fitcr.com\/en\/wp-json\/wp\/v2\/product"}],"about":[{"href":"https:\/\/fitcr.com\/en\/wp-json\/wp\/v2\/types\/product"}],"wp:featuredmedia":[{"embeddable":true,"href":"https:\/\/fitcr.com\/en\/wp-json\/wp\/v2\/media\/3033"}],"wp:attachment":[{"href":"https:\/\/fitcr.com\/en\/wp-json\/wp\/v2\/media?parent=3032"}],"wp:term":[{"taxonomy":"product_brand","embeddable":true,"href":"https:\/\/fitcr.com\/en\/wp-json\/wp\/v2\/product_brand?post=3032"},{"taxonomy":"product_cat","embeddable":true,"href":"https:\/\/fitcr.com\/en\/wp-json\/wp\/v2\/product_cat?post=3032"},{"taxonomy":"product_tag","embeddable":true,"href":"https:\/\/fitcr.com\/en\/wp-json\/wp\/v2\/product_tag?post=3032"}],"curies":[{"name":"wp","href":"https:\/\/api.w.org\/{rel}","templated":true}]}}