{"id":3035,"date":"2024-09-12T08:21:33","date_gmt":"2024-09-12T14:21:33","guid":{"rendered":"https:\/\/fitcr.com\/?post_type=product&#038;p=3035"},"modified":"2024-12-19T13:46:28","modified_gmt":"2024-12-19T19:46:28","slug":"ghp-210r-ab-crunch-low-back","status":"publish","type":"product","link":"https:\/\/fitcr.com\/en\/product\/ghp-210r-ab-crunch-low-back\/","title":{"rendered":"GHP-210R AB CRUNCH\/LOW BACK"},"content":{"rendered":"<ul>\n<li>Machine size: <span style=\"font-size: 16px\">1280*1380*1360mm<\/span><\/li>\n<li>Peso de la m\u00e1quina: 231 kg<\/li>\n<li>Weight stack: 100 kg<\/li>\n<\/ul>\n<p>&nbsp;<\/p>\n<hr \/>\n<p>&nbsp;<\/p>\n<ul>\n<li>Permite realizar ejercicios de espalda y abdominales en una sola m\u00e1quina.<\/li>\n<li>Multiple range of motion adjustments for both exercises.<\/li>\n<\/ul>","protected":false},"excerpt":{"rendered":"<p>Tama\u00f1o de la m\u00e1quina: 1280*1380*1360mm Peso de la m\u00e1quina: 231 kg Stack de peso: 100 kg &nbsp; &nbsp; Permite realizar ejercicios de espalda y abdominales en una sola m\u00e1quina. M\u00faltiples ajustes de rango de movimiento para ambos ejercicios.<\/p>","protected":false},"featured_media":3036,"template":"","meta":[],"product_brand":[],"product_cat":[42],"product_tag":[],"class_list":{"0":"post-3035","1":"product","2":"type-product","3":"status-publish","4":"has-post-thumbnail","6":"product_cat-fuerza","8":"first","9":"instock","10":"taxable","11":"shipping-taxable","12":"purchasable","13":"product-type-simple"},"_links":{"self":[{"href":"https:\/\/fitcr.com\/en\/wp-json\/wp\/v2\/product\/3035","targetHints":{"allow":["GET"]}}],"collection":[{"href":"https:\/\/fitcr.com\/en\/wp-json\/wp\/v2\/product"}],"about":[{"href":"https:\/\/fitcr.com\/en\/wp-json\/wp\/v2\/types\/product"}],"wp:featuredmedia":[{"embeddable":true,"href":"https:\/\/fitcr.com\/en\/wp-json\/wp\/v2\/media\/3036"}],"wp:attachment":[{"href":"https:\/\/fitcr.com\/en\/wp-json\/wp\/v2\/media?parent=3035"}],"wp:term":[{"taxonomy":"product_brand","embeddable":true,"href":"https:\/\/fitcr.com\/en\/wp-json\/wp\/v2\/product_brand?post=3035"},{"taxonomy":"product_cat","embeddable":true,"href":"https:\/\/fitcr.com\/en\/wp-json\/wp\/v2\/product_cat?post=3035"},{"taxonomy":"product_tag","embeddable":true,"href":"https:\/\/fitcr.com\/en\/wp-json\/wp\/v2\/product_tag?post=3035"}],"curies":[{"name":"wp","href":"https:\/\/api.w.org\/{rel}","templated":true}]}}