{"id":3168,"date":"2024-09-16T15:53:12","date_gmt":"2024-09-16T21:53:12","guid":{"rendered":"https:\/\/fitcr.com\/?post_type=product&#038;p=3168"},"modified":"2024-12-19T13:48:40","modified_gmt":"2024-12-19T19:48:40","slug":"ghp-hs106r-leg-extension","status":"publish","type":"product","link":"https:\/\/fitcr.com\/en\/product\/ghp-hs106r-leg-extension\/","title":{"rendered":"GHP-HS106R LEG EXTENSION"},"content":{"rendered":"<div class=\"page\" title=\"Page 8\">\n<div class=\"section\">\n<div class=\"layoutArea\">\n<div class=\"column\">\n<ul>\n<li>Dimension: 1190*1330*1540mm<\/li>\n<li>Weight stack: 302KG<\/li>\n<li>Balance Weight: 100kg<\/li>\n<\/ul>\n<\/div>\n<\/div>\n<\/div>\n<\/div>\n<p>&nbsp;<\/p>\n<hr \/>\n<p>&nbsp;<\/p>\n<ul>\n<li>Unique dynamic fit technology.<\/li>\n<li>Suitable for functional triceps exercise.<\/li>\n<li>The seat is adjustable.<\/li>\n<\/ul>","protected":false},"excerpt":{"rendered":"<p>Dimension: 1190*1330*1540mm Stack de peso :302KG Balance Weight: 100kg &nbsp; &nbsp; Tecnolog\u00eda de ajuste din\u00e1mico \u00fanica. Adecuado para el ejercicio funcional del tr\u00edceps. El asiento es ajustable.<\/p>","protected":false},"featured_media":3169,"template":"","meta":[],"product_brand":[],"product_cat":[42],"product_tag":[],"class_list":{"0":"post-3168","1":"product","2":"type-product","3":"status-publish","4":"has-post-thumbnail","6":"product_cat-fuerza","8":"first","9":"instock","10":"taxable","11":"shipping-taxable","12":"purchasable","13":"product-type-simple"},"_links":{"self":[{"href":"https:\/\/fitcr.com\/en\/wp-json\/wp\/v2\/product\/3168","targetHints":{"allow":["GET"]}}],"collection":[{"href":"https:\/\/fitcr.com\/en\/wp-json\/wp\/v2\/product"}],"about":[{"href":"https:\/\/fitcr.com\/en\/wp-json\/wp\/v2\/types\/product"}],"wp:featuredmedia":[{"embeddable":true,"href":"https:\/\/fitcr.com\/en\/wp-json\/wp\/v2\/media\/3169"}],"wp:attachment":[{"href":"https:\/\/fitcr.com\/en\/wp-json\/wp\/v2\/media?parent=3168"}],"wp:term":[{"taxonomy":"product_brand","embeddable":true,"href":"https:\/\/fitcr.com\/en\/wp-json\/wp\/v2\/product_brand?post=3168"},{"taxonomy":"product_cat","embeddable":true,"href":"https:\/\/fitcr.com\/en\/wp-json\/wp\/v2\/product_cat?post=3168"},{"taxonomy":"product_tag","embeddable":true,"href":"https:\/\/fitcr.com\/en\/wp-json\/wp\/v2\/product_tag?post=3168"}],"curies":[{"name":"wp","href":"https:\/\/api.w.org\/{rel}","templated":true}]}}