{"id":3237,"date":"2025-01-31T10:41:08","date_gmt":"2025-01-31T16:41:08","guid":{"rendered":"https:\/\/fitcr.com\/?post_type=product&#038;p=3237"},"modified":"2026-01-06T10:13:55","modified_gmt":"2026-01-06T16:13:55","slug":"sillon-de-masajes","status":"publish","type":"product","link":"https:\/\/fitcr.com\/en\/product\/sillon-de-masajes\/","title":{"rendered":"TR-0506R SILL\u00d3N DE MASAJES"},"content":{"rendered":"<ul>\n<li>Voltage: 110v<\/li>\n<li>Capacity: 100w<\/li>\n<li>Up right size: 1450*760*1040mm<\/li>\n<li>Lying size: 1680*780*1080mm<\/li>\n<li>G.W | N.W: 65.5kg | 56kg<\/li>\n<li>Packing size: 1175*750*1050mm<\/li>\n<li>Masaje inteligente<\/li>\n<li>Detecci\u00f3n autom\u00e1tica<\/li>\n<li>10 modos autom\u00e1ticos<\/li>\n<li>Calefacci\u00f3n<\/li>\n<li>Cargador inal\u00e1mbrico<\/li>\n<li>Control por voz<\/li>\n<li>Airbags<\/li>\n<li>Parlantes integrados<\/li>\n<li>Conectividad Bluetooth<\/li>\n<\/ul>","protected":false},"excerpt":{"rendered":"<p>Voltage: 110v Capacity: 100w Up right size: 1450*760*1040mm Lying size: 1680*780*1080mm G.W | N.W: 65.5kg | 56kg Packing size: 1175*750*1050mm Masaje inteligente Detecci\u00f3n autom\u00e1tica 10 modos autom\u00e1ticos Calefacci\u00f3n Cargador inal\u00e1mbrico Control por voz Airbags Parlantes integrados Conectividad Bluetooth<\/p>","protected":false},"featured_media":3238,"template":"","meta":[],"product_brand":[],"product_cat":[80,86],"product_tag":[],"class_list":{"0":"post-3237","1":"product","2":"type-product","3":"status-publish","4":"has-post-thumbnail","6":"product_cat-americanas","7":"product_cat-wellness","9":"first","10":"instock","11":"taxable","12":"shipping-taxable","13":"purchasable","14":"product-type-simple"},"_links":{"self":[{"href":"https:\/\/fitcr.com\/en\/wp-json\/wp\/v2\/product\/3237","targetHints":{"allow":["GET"]}}],"collection":[{"href":"https:\/\/fitcr.com\/en\/wp-json\/wp\/v2\/product"}],"about":[{"href":"https:\/\/fitcr.com\/en\/wp-json\/wp\/v2\/types\/product"}],"wp:featuredmedia":[{"embeddable":true,"href":"https:\/\/fitcr.com\/en\/wp-json\/wp\/v2\/media\/3238"}],"wp:attachment":[{"href":"https:\/\/fitcr.com\/en\/wp-json\/wp\/v2\/media?parent=3237"}],"wp:term":[{"taxonomy":"product_brand","embeddable":true,"href":"https:\/\/fitcr.com\/en\/wp-json\/wp\/v2\/product_brand?post=3237"},{"taxonomy":"product_cat","embeddable":true,"href":"https:\/\/fitcr.com\/en\/wp-json\/wp\/v2\/product_cat?post=3237"},{"taxonomy":"product_tag","embeddable":true,"href":"https:\/\/fitcr.com\/en\/wp-json\/wp\/v2\/product_tag?post=3237"}],"curies":[{"name":"wp","href":"https:\/\/api.w.org\/{rel}","templated":true}]}}