{"id":3345,"date":"2025-07-15T16:03:11","date_gmt":"2025-07-15T22:03:11","guid":{"rendered":"https:\/\/fitcr.com\/?post_type=product&#038;p=3345"},"modified":"2025-12-20T15:24:35","modified_gmt":"2025-12-20T21:24:35","slug":"1012cr-pilates-reformer","status":"publish","type":"product","link":"https:\/\/fitcr.com\/en\/product\/1012cr-pilates-reformer\/","title":{"rendered":"1012CR-PILATES REFORMER"},"content":{"rendered":"<p>Reformer de Pilates , est\u00e1 dise\u00f1ado para combinar funcionalidad, est\u00e9tica y practicidad. Fabricado en madera de alta calidad, es ligero, f\u00e1cil de transportar y perfecto para espacios reducidos sin sacrificar estabilidad ni rendimiento. Ideal tanto para uso residencial como profesional.<\/p>\n<ul>\n<li data-start=\"469\" data-end=\"543\">\n<p data-start=\"471\" data-end=\"543\">Seis resortes de resistencia con tres niveles (ligero, medio, fuerte).<\/p>\n<\/li>\n<li data-start=\"544\" data-end=\"596\">\n<p data-start=\"546\" data-end=\"596\">Barra de pies ajustable en m\u00faltiples posiciones.<\/p>\n<\/li>\n<li data-start=\"663\" data-end=\"729\">\n<p data-start=\"665\" data-end=\"729\">Patas extensibles para elevar el reformer a una altura c\u00f3moda.<\/p>\n<\/li>\n<li data-start=\"730\" data-end=\"796\">\n<p data-start=\"732\" data-end=\"796\">Superficie de trabajo antideslizante y resistente al desgaste.<\/p>\n<\/li>\n<li data-start=\"797\" data-end=\"859\">\n<p data-start=\"799\" data-end=\"859\">Incluye cuerda, poleas, hombreras y accesorios esenciales.<\/p>\n<\/li>\n<li data-start=\"860\" data-end=\"902\">\n<p data-start=\"862\" data-end=\"902\">Apto para uso dom\u00e9stico o profesional.<\/p>\n<\/li>\n<li data-start=\"903\" data-end=\"964\">\n<p data-start=\"905\" data-end=\"964\">No requiere montaje complejo<\/p>\n<\/li>\n<li data-start=\"903\" data-end=\"964\">Material OAK (roble)<\/li>\n<li>2430*730*385mm<\/li>\n<\/ul>","protected":false},"excerpt":{"rendered":"<p>Reformer de Pilates , est\u00e1 dise\u00f1ado para combinar funcionalidad, est\u00e9tica y practicidad. Fabricado en madera de alta calidad, es ligero, f\u00e1cil de transportar y perfecto para espacios reducidos sin sacrificar estabilidad ni rendimiento. Ideal tanto para uso residencial como profesional. Seis resortes de resistencia con tres niveles (ligero, medio, fuerte). Barra de pies ajustable en [&hellip;]<\/p>\n","protected":false},"featured_media":3346,"template":"","meta":[],"product_brand":[],"product_cat":[83],"product_tag":[],"class_list":{"0":"post-3345","1":"product","2":"type-product","3":"status-publish","4":"has-post-thumbnail","6":"product_cat-pilates","8":"first","9":"instock","10":"taxable","11":"shipping-taxable","12":"purchasable","13":"product-type-simple"},"_links":{"self":[{"href":"https:\/\/fitcr.com\/en\/wp-json\/wp\/v2\/product\/3345","targetHints":{"allow":["GET"]}}],"collection":[{"href":"https:\/\/fitcr.com\/en\/wp-json\/wp\/v2\/product"}],"about":[{"href":"https:\/\/fitcr.com\/en\/wp-json\/wp\/v2\/types\/product"}],"wp:featuredmedia":[{"embeddable":true,"href":"https:\/\/fitcr.com\/en\/wp-json\/wp\/v2\/media\/3346"}],"wp:attachment":[{"href":"https:\/\/fitcr.com\/en\/wp-json\/wp\/v2\/media?parent=3345"}],"wp:term":[{"taxonomy":"product_brand","embeddable":true,"href":"https:\/\/fitcr.com\/en\/wp-json\/wp\/v2\/product_brand?post=3345"},{"taxonomy":"product_cat","embeddable":true,"href":"https:\/\/fitcr.com\/en\/wp-json\/wp\/v2\/product_cat?post=3345"},{"taxonomy":"product_tag","embeddable":true,"href":"https:\/\/fitcr.com\/en\/wp-json\/wp\/v2\/product_tag?post=3345"}],"curies":[{"name":"wp","href":"https:\/\/api.w.org\/{rel}","templated":true}]}}