{"id":3351,"date":"2025-10-13T16:21:07","date_gmt":"2025-10-13T22:21:07","guid":{"rendered":"https:\/\/fitcr.com\/?post_type=product&#038;p=3351"},"modified":"2025-12-20T15:24:10","modified_gmt":"2025-12-20T21:24:10","slug":"1013br-pilates-reformer","status":"publish","type":"product","link":"https:\/\/fitcr.com\/en\/product\/1013br-pilates-reformer\/","title":{"rendered":"1013AR-PILATES REFORMER"},"content":{"rendered":"<p>&nbsp;<\/p>\n<ul>\n<li data-start=\"544\" data-end=\"596\">\n<p data-start=\"546\" data-end=\"596\">Barra de pies ajustable en m\u00faltiples posiciones.<\/p>\n<\/li>\n<li data-start=\"544\" data-end=\"596\">\n<p data-start=\"546\" data-end=\"596\">Dimensiones: 240 x 740 x 360 mm<\/p>\n<\/li>\n<li data-start=\"544\" data-end=\"596\">\n<p data-start=\"546\" data-end=\"596\">capacidad m\u00e1xima: 150 kg<\/p>\n<\/li>\n<li data-start=\"797\" data-end=\"859\">\n<p data-start=\"799\" data-end=\"859\">Incluye cuerda, poleas, hombreras y accesorios esenciales.<\/p>\n<\/li>\n<li data-start=\"860\" data-end=\"902\">\n<p data-start=\"862\" data-end=\"902\">Apto para uso dom\u00e9stico o profesional.<\/p>\n<\/li>\n<li data-start=\"860\" data-end=\"902\">Madera Maple (Arce)<\/li>\n<\/ul>","protected":false},"excerpt":{"rendered":"<p>&nbsp; Barra de pies ajustable en m\u00faltiples posiciones. Dimensiones: 240 x 740 x 360 mm capacidad m\u00e1xima: 150 kg Incluye cuerda, poleas, hombreras y accesorios esenciales. Apto para uso dom\u00e9stico o profesional. Madera Maple (Arce)<\/p>","protected":false},"featured_media":3388,"template":"","meta":[],"product_brand":[],"product_cat":[83],"product_tag":[],"class_list":{"0":"post-3351","1":"product","2":"type-product","3":"status-publish","4":"has-post-thumbnail","6":"product_cat-pilates","8":"first","9":"instock","10":"taxable","11":"shipping-taxable","12":"purchasable","13":"product-type-simple"},"_links":{"self":[{"href":"https:\/\/fitcr.com\/en\/wp-json\/wp\/v2\/product\/3351","targetHints":{"allow":["GET"]}}],"collection":[{"href":"https:\/\/fitcr.com\/en\/wp-json\/wp\/v2\/product"}],"about":[{"href":"https:\/\/fitcr.com\/en\/wp-json\/wp\/v2\/types\/product"}],"wp:featuredmedia":[{"embeddable":true,"href":"https:\/\/fitcr.com\/en\/wp-json\/wp\/v2\/media\/3388"}],"wp:attachment":[{"href":"https:\/\/fitcr.com\/en\/wp-json\/wp\/v2\/media?parent=3351"}],"wp:term":[{"taxonomy":"product_brand","embeddable":true,"href":"https:\/\/fitcr.com\/en\/wp-json\/wp\/v2\/product_brand?post=3351"},{"taxonomy":"product_cat","embeddable":true,"href":"https:\/\/fitcr.com\/en\/wp-json\/wp\/v2\/product_cat?post=3351"},{"taxonomy":"product_tag","embeddable":true,"href":"https:\/\/fitcr.com\/en\/wp-json\/wp\/v2\/product_tag?post=3351"}],"curies":[{"name":"wp","href":"https:\/\/api.w.org\/{rel}","templated":true}]}}