{"id":3395,"date":"2025-11-24T15:28:46","date_gmt":"2025-11-24T21:28:46","guid":{"rendered":"https:\/\/fitcr.com\/?post_type=product&#038;p=3395"},"modified":"2026-04-20T10:38:19","modified_gmt":"2026-04-20T16:38:19","slug":"bf-1-glute-buider","status":"publish","type":"product","link":"https:\/\/fitcr.com\/en\/product\/bf-1-glute-buider\/","title":{"rendered":"BF-1 Hip Thrust"},"content":{"rendered":"<h5>Equipo para empuje de cadera gracias a su\u00a0plataforma elevada y el dise\u00f1o permiten una buena activaci\u00f3n lo cual ayuda a aislar m\u00e1s los gl\u00fateos, permite un rango de movimiento m\u00e1s profundo y una resistencia constante durante el ejercicio.<\/h5>\n<ul>\n<li data-start=\"3243\" data-end=\"3277\">\n<h5 data-start=\"3245\" data-end=\"3277\">Ajustable a diferentes usuarios.<\/h5>\n<\/li>\n<li data-start=\"3243\" data-end=\"3277\">\n<h5>Incluye un cintur\u00f3n acolchado para apoyar la pelvis y que se pueda cargar peso de forma c\u00f3moda y segura.<\/h5>\n<\/li>\n<li data-start=\"3278\" data-end=\"3374\">\n<h5 data-start=\"3280\" data-end=\"3374\">Permite usar discos y bandas, lo que da mucha versatilidad para distintos niveles y objetivos.<\/h5>\n<\/li>\n<li data-start=\"3375\" data-end=\"3433\">\n<h5 data-start=\"3377\" data-end=\"3433\">Estructura robusta y segura para cargar peso importante.<\/h5>\n<\/li>\n<li data-start=\"3375\" data-end=\"3433\">\n<h5 data-start=\"3377\" data-end=\"3433\">Peso m\u00e1ximo de usuario<\/h5>\n<\/li>\n<li data-start=\"3375\" data-end=\"3433\">\n<h5>Carga m\u00e1xima: 200 kg<\/h5>\n<\/li>\n<li data-start=\"3375\" data-end=\"3433\">\n<h5>Nivel de resistencia sin discos 7 kg<\/h5>\n<\/li>\n<li data-start=\"3375\" data-end=\"3433\">\n<h5>Dimensiones: largo 172 cm x ancho 144 cm x alto 77 cm<\/h5>\n<\/li>\n<\/ul>","protected":false},"excerpt":{"rendered":"<p>Equipo para empuje de cadera gracias a su\u00a0plataforma elevada y el dise\u00f1o permiten una buena activaci\u00f3n lo cual ayuda a aislar m\u00e1s los gl\u00fateos, permite un rango de movimiento m\u00e1s profundo y una resistencia constante durante el ejercicio. Ajustable a diferentes usuarios. Incluye un cintur\u00f3n acolchado para apoyar la pelvis y que se pueda cargar [&hellip;]<\/p>\n","protected":false},"featured_media":3394,"template":"","meta":[],"product_brand":[],"product_cat":[85],"product_tag":[],"class_list":{"0":"post-3395","1":"product","2":"type-product","3":"status-publish","4":"has-post-thumbnail","6":"product_cat-booty-force","8":"first","9":"instock","10":"sale","11":"taxable","12":"shipping-taxable","13":"purchasable","14":"product-type-simple"},"_links":{"self":[{"href":"https:\/\/fitcr.com\/en\/wp-json\/wp\/v2\/product\/3395","targetHints":{"allow":["GET"]}}],"collection":[{"href":"https:\/\/fitcr.com\/en\/wp-json\/wp\/v2\/product"}],"about":[{"href":"https:\/\/fitcr.com\/en\/wp-json\/wp\/v2\/types\/product"}],"wp:featuredmedia":[{"embeddable":true,"href":"https:\/\/fitcr.com\/en\/wp-json\/wp\/v2\/media\/3394"}],"wp:attachment":[{"href":"https:\/\/fitcr.com\/en\/wp-json\/wp\/v2\/media?parent=3395"}],"wp:term":[{"taxonomy":"product_brand","embeddable":true,"href":"https:\/\/fitcr.com\/en\/wp-json\/wp\/v2\/product_brand?post=3395"},{"taxonomy":"product_cat","embeddable":true,"href":"https:\/\/fitcr.com\/en\/wp-json\/wp\/v2\/product_cat?post=3395"},{"taxonomy":"product_tag","embeddable":true,"href":"https:\/\/fitcr.com\/en\/wp-json\/wp\/v2\/product_tag?post=3395"}],"curies":[{"name":"wp","href":"https:\/\/api.w.org\/{rel}","templated":true}]}}