{"id":3397,"date":"2025-11-24T16:20:06","date_gmt":"2025-11-24T22:20:06","guid":{"rendered":"https:\/\/fitcr.com\/?post_type=product&#038;p=3397"},"modified":"2026-04-06T10:26:16","modified_gmt":"2026-04-06T16:26:16","slug":"bf-2-hip-thrust-machine","status":"publish","type":"product","link":"https:\/\/fitcr.com\/en\/product\/bf-2-hip-thrust-machine\/","title":{"rendered":"BF-2 Hip Thrust Machine"},"content":{"rendered":"<h5>M\u00e1quina de hip thrust con peso regulado mediante \u201cselectorized weight stack\u201d<br \/>\nDise\u00f1o compacto, con un \u201cfootprint\u201d m\u00e1s peque\u00f1o que el de muchas m\u00e1quinas convencionales.<br \/>\nStack de peso 80 kg<br \/>\nIncluye un cintur\u00f3n acolchado<br \/>\nDimensiones:\u00a0 largo 200 cm x ancho 96 cm x alto 157 cm<\/h5>","protected":false},"excerpt":{"rendered":"<p>M\u00e1quina de hip thrust con peso regulado mediante \u201cselectorized weight stack\u201d Dise\u00f1o compacto, con un \u201cfootprint\u201d m\u00e1s peque\u00f1o que el de muchas m\u00e1quinas convencionales. Stack de peso 80 kg Incluye un cintur\u00f3n acolchado Dimensiones:\u00a0 largo 200 cm x ancho 96 cm x alto 157 cm<\/p>","protected":false},"featured_media":3398,"template":"","meta":[],"product_brand":[],"product_cat":[85],"product_tag":[],"class_list":{"0":"post-3397","1":"product","2":"type-product","3":"status-publish","4":"has-post-thumbnail","6":"product_cat-booty-force","8":"first","9":"instock","10":"sale","11":"taxable","12":"shipping-taxable","13":"purchasable","14":"product-type-simple"},"_links":{"self":[{"href":"https:\/\/fitcr.com\/en\/wp-json\/wp\/v2\/product\/3397","targetHints":{"allow":["GET"]}}],"collection":[{"href":"https:\/\/fitcr.com\/en\/wp-json\/wp\/v2\/product"}],"about":[{"href":"https:\/\/fitcr.com\/en\/wp-json\/wp\/v2\/types\/product"}],"wp:featuredmedia":[{"embeddable":true,"href":"https:\/\/fitcr.com\/en\/wp-json\/wp\/v2\/media\/3398"}],"wp:attachment":[{"href":"https:\/\/fitcr.com\/en\/wp-json\/wp\/v2\/media?parent=3397"}],"wp:term":[{"taxonomy":"product_brand","embeddable":true,"href":"https:\/\/fitcr.com\/en\/wp-json\/wp\/v2\/product_brand?post=3397"},{"taxonomy":"product_cat","embeddable":true,"href":"https:\/\/fitcr.com\/en\/wp-json\/wp\/v2\/product_cat?post=3397"},{"taxonomy":"product_tag","embeddable":true,"href":"https:\/\/fitcr.com\/en\/wp-json\/wp\/v2\/product_tag?post=3397"}],"curies":[{"name":"wp","href":"https:\/\/api.w.org\/{rel}","templated":true}]}}