{"id":3428,"date":"2025-12-18T12:12:28","date_gmt":"2025-12-18T18:12:28","guid":{"rendered":"https:\/\/fitcr.com\/?post_type=product&#038;p=3428"},"modified":"2026-02-16T09:21:42","modified_gmt":"2026-02-16T15:21:42","slug":"traxxion-48","status":"publish","type":"product","link":"https:\/\/fitcr.com\/en\/product\/traxxion-48\/","title":{"rendered":"TRAXXION 48"},"content":{"rendered":"<p>Unidad de tracci\u00f3n el\u00e9ctrica frontal para silla de ruedas, con motor de 48V y bater\u00eda de litio de 18Ah. Ofrece una autonom\u00eda de hasta 70 km, tres velocidades, marcha atr\u00e1s, control crucero y sistema de freno dual. Ideal para mejorar la movilidad, independencia y comodidad del usuario en terrenos urbanos y mixtos.<\/p>\n<p>F\u00e1cil de instalar y compatible con la mayor\u00eda de sillas de ruedas est\u00e1ndar.<\/p>\n<ul>\n<li>Potente motor el\u00e9ctrico de 400W.<\/li>\n<li>Bater\u00eda de litio de larga duraci\u00f3n (70 km por carga).<\/li>\n<li>Control crucero, marcha atr\u00e1s y bocina.<\/li>\n<li>3 velocidades y sistema de freno dual.<\/li>\n<li>Alta estabilidad y resistencia al agua.<\/li>\n<li>Luces LED incluidas.<\/li>\n<\/ul>","protected":false},"excerpt":{"rendered":"<p>Unidad de tracci\u00f3n el\u00e9ctrica frontal para silla de ruedas, con motor de 48V y bater\u00eda de litio de 18Ah. Ofrece una autonom\u00eda de hasta 70 km, tres velocidades, marcha atr\u00e1s, control crucero y sistema de freno dual. Ideal para mejorar la movilidad, independencia y comodidad del usuario en terrenos urbanos y mixtos. F\u00e1cil de instalar [&hellip;]<\/p>\n","protected":false},"featured_media":3430,"template":"","meta":[],"product_brand":[],"product_cat":[86],"product_tag":[],"class_list":{"0":"post-3428","1":"product","2":"type-product","3":"status-publish","4":"has-post-thumbnail","6":"product_cat-wellness","8":"first","9":"instock","10":"sale","11":"taxable","12":"shipping-taxable","13":"purchasable","14":"product-type-simple"},"_links":{"self":[{"href":"https:\/\/fitcr.com\/en\/wp-json\/wp\/v2\/product\/3428","targetHints":{"allow":["GET"]}}],"collection":[{"href":"https:\/\/fitcr.com\/en\/wp-json\/wp\/v2\/product"}],"about":[{"href":"https:\/\/fitcr.com\/en\/wp-json\/wp\/v2\/types\/product"}],"wp:featuredmedia":[{"embeddable":true,"href":"https:\/\/fitcr.com\/en\/wp-json\/wp\/v2\/media\/3430"}],"wp:attachment":[{"href":"https:\/\/fitcr.com\/en\/wp-json\/wp\/v2\/media?parent=3428"}],"wp:term":[{"taxonomy":"product_brand","embeddable":true,"href":"https:\/\/fitcr.com\/en\/wp-json\/wp\/v2\/product_brand?post=3428"},{"taxonomy":"product_cat","embeddable":true,"href":"https:\/\/fitcr.com\/en\/wp-json\/wp\/v2\/product_cat?post=3428"},{"taxonomy":"product_tag","embeddable":true,"href":"https:\/\/fitcr.com\/en\/wp-json\/wp\/v2\/product_tag?post=3428"}],"curies":[{"name":"wp","href":"https:\/\/api.w.org\/{rel}","templated":true}]}}