{"id":3455,"date":"2026-01-08T08:26:48","date_gmt":"2026-01-08T14:26:48","guid":{"rendered":"https:\/\/fitcr.com\/?post_type=product&#038;p=3455"},"modified":"2026-04-20T10:37:23","modified_gmt":"2026-04-20T16:37:23","slug":"bf-7-glute-builder","status":"publish","type":"product","link":"https:\/\/fitcr.com\/en\/product\/bf-7-glute-builder\/","title":{"rendered":"BF-7 Standing Hip Thrust"},"content":{"rendered":"<p data-start=\"210\" data-end=\"734\">EL <strong>BF-7 Glute Builder<\/strong> es una excelente opci\u00f3n introductoria y una variaci\u00f3n efectiva del hip thrust tradicional. Su dise\u00f1o plate-loaded ofrece una experiencia <strong data-start=\"396\" data-end=\"419\">m\u00e1s c\u00f3moda y segura<\/strong>, gracias a su acolchado grueso que brinda un soporte superior para la pelvis, permitiendo concentrarse en la t\u00e9cnica y en una contracci\u00f3n intensa de gl\u00fateos. Adem\u00e1s, su estructura compacta y sus m\u00faltiples posiciones de agarre hacen que sea ideal para gimnasios que buscan versatilidad sin ocupar demasiado espacio.<\/p>\n<h3 data-start=\"741\" data-end=\"777\"><strong data-start=\"747\" data-end=\"777\">Caracter\u00edsticas destacadas<\/strong><\/h3>\n<ul data-start=\"778\" data-end=\"1599\">\n<li data-start=\"778\" data-end=\"889\">\n<p data-start=\"780\" data-end=\"889\"><strong data-start=\"780\" data-end=\"815\">Ideal como opci\u00f3n introductoria<\/strong> al hip thrust y como variaci\u00f3n complementaria al ejercicio tradicional.<\/p>\n<\/li>\n<li data-start=\"890\" data-end=\"1001\">\n<p data-start=\"892\" data-end=\"1001\"><strong data-start=\"892\" data-end=\"934\">M\u00e1xima comodidad durante el movimiento<\/strong>, con acolchado grueso que proporciona excelente soporte p\u00e9lvico.<\/p>\n<\/li>\n<li data-start=\"1002\" data-end=\"1096\">\n<p data-start=\"1004\" data-end=\"1096\"><strong data-start=\"1004\" data-end=\"1049\">Dise\u00f1o con m\u00faltiples posiciones de agarre<\/strong>, para mayor confort y variedad de ejecuci\u00f3n.<\/p>\n<\/li>\n<li data-start=\"1097\" data-end=\"1193\">\n<p data-start=\"1099\" data-end=\"1193\">Compatible con <strong data-start=\"1114\" data-end=\"1156\">discos de peso y bandas de resistencia<\/strong>, aumentando las opciones de carga.<\/p>\n<\/li>\n<li data-start=\"1194\" data-end=\"1300\">\n<p data-start=\"1196\" data-end=\"1300\">Movimiento <strong data-start=\"1207\" data-end=\"1230\">dominante de gl\u00fateo<\/strong>, dise\u00f1ado para sentir f\u00e1cilmente una contracci\u00f3n fuerte y efectiva.<\/p>\n<\/li>\n<li data-start=\"1301\" data-end=\"1511\">\n<p data-start=\"1303\" data-end=\"1357\">Trabaja principalmente <strong data-start=\"1326\" data-end=\"1342\">gl\u00fateo mayor<\/strong>, con apoyo de:<\/p>\n<ul data-start=\"1360\" data-end=\"1511\">\n<li data-start=\"1360\" data-end=\"1403\">\n<p data-start=\"1362\" data-end=\"1403\"><strong data-start=\"1362\" data-end=\"1380\">Isquiotibiales<\/strong> durante la extensi\u00f3n<\/p>\n<\/li>\n<li data-start=\"1406\" data-end=\"1449\">\n<p data-start=\"1408\" data-end=\"1449\"><strong data-start=\"1408\" data-end=\"1422\">Cu\u00e1driceps<\/strong> estabilizando la rodilla<\/p>\n<\/li>\n<li data-start=\"1452\" data-end=\"1511\">\n<p data-start=\"1454\" data-end=\"1511\"><strong data-start=\"1454\" data-end=\"1474\">Core y aductores<\/strong> para mantener equilibrio y postura<\/p>\n<\/li>\n<\/ul>\n<\/li>\n<li data-start=\"1512\" data-end=\"1599\">\n<p data-start=\"1514\" data-end=\"1599\"><strong data-start=\"1514\" data-end=\"1533\">Dise\u00f1o compacto<\/strong>, ideal para gimnasios comerciales, estudios y espacios reducidos.<\/p>\n<\/li>\n<\/ul>\n<h3 data-start=\"1606\" data-end=\"1642\"><strong data-start=\"1613\" data-end=\"1642\">Especificaciones t\u00e9cnicas<\/strong><\/h3>\n<ul data-start=\"1643\" data-end=\"1742\">\n<li data-start=\"1643\" data-end=\"1717\">\n<p data-start=\"1645\" data-end=\"1717\"><strong data-start=\"1645\" data-end=\"1661\">Dimensiones:<\/strong> 114.3 cm (largo) x 109.2 cm (ancho) x 142.2 cm (alto)<\/p>\n<\/li>\n<li data-start=\"1718\" data-end=\"1742\">\n<p data-start=\"1720\" data-end=\"1742\"><strong data-start=\"1720\" data-end=\"1734\">Peso neto:<\/strong> 84 kg<\/p>\n<\/li>\n<\/ul>","protected":false},"excerpt":{"rendered":"<p>EL BF-7 Glute Builder es una excelente opci\u00f3n introductoria y una variaci\u00f3n efectiva del hip thrust tradicional. Su dise\u00f1o plate-loaded ofrece una experiencia m\u00e1s c\u00f3moda y segura, gracias a su acolchado grueso que brinda un soporte superior para la pelvis, permitiendo concentrarse en la t\u00e9cnica y en una contracci\u00f3n intensa de gl\u00fateos. Adem\u00e1s, su estructura [&hellip;]<\/p>\n","protected":false},"featured_media":3456,"template":"","meta":[],"product_brand":[],"product_cat":[85],"product_tag":[],"class_list":{"0":"post-3455","1":"product","2":"type-product","3":"status-publish","4":"has-post-thumbnail","6":"product_cat-booty-force","8":"first","9":"instock","10":"sale","11":"taxable","12":"shipping-taxable","13":"purchasable","14":"product-type-simple"},"_links":{"self":[{"href":"https:\/\/fitcr.com\/en\/wp-json\/wp\/v2\/product\/3455","targetHints":{"allow":["GET"]}}],"collection":[{"href":"https:\/\/fitcr.com\/en\/wp-json\/wp\/v2\/product"}],"about":[{"href":"https:\/\/fitcr.com\/en\/wp-json\/wp\/v2\/types\/product"}],"wp:featuredmedia":[{"embeddable":true,"href":"https:\/\/fitcr.com\/en\/wp-json\/wp\/v2\/media\/3456"}],"wp:attachment":[{"href":"https:\/\/fitcr.com\/en\/wp-json\/wp\/v2\/media?parent=3455"}],"wp:term":[{"taxonomy":"product_brand","embeddable":true,"href":"https:\/\/fitcr.com\/en\/wp-json\/wp\/v2\/product_brand?post=3455"},{"taxonomy":"product_cat","embeddable":true,"href":"https:\/\/fitcr.com\/en\/wp-json\/wp\/v2\/product_cat?post=3455"},{"taxonomy":"product_tag","embeddable":true,"href":"https:\/\/fitcr.com\/en\/wp-json\/wp\/v2\/product_tag?post=3455"}],"curies":[{"name":"wp","href":"https:\/\/api.w.org\/{rel}","templated":true}]}}