{"id":3457,"date":"2026-01-08T08:46:59","date_gmt":"2026-01-08T14:46:59","guid":{"rendered":"https:\/\/fitcr.com\/?post_type=product&#038;p=3457"},"modified":"2026-04-20T10:37:02","modified_gmt":"2026-04-20T16:37:02","slug":"bf-8","status":"publish","type":"product","link":"https:\/\/fitcr.com\/en\/product\/bf-8\/","title":{"rendered":"BF-8 Selectorized Standing Hip Thrust"},"content":{"rendered":"<p data-start=\"277\" data-end=\"914\">The <strong>BF-8<\/strong> es dise\u00f1ada para ofrecer una experiencia m\u00e1s eficiente, c\u00f3moda y vers\u00e1til en cualquier gimnasio. Su sistema de columna de pesas permite seleccionar la carga de forma r\u00e1pida y precisa, garantizando un movimiento fluido y una curva de resistencia controlada para lograr una activaci\u00f3n superior de gl\u00fateos. Gracias a su acolchado grueso para soporte p\u00e9lvico, m\u00faltiples posiciones de agarre y dise\u00f1o compacto, es ideal para instalaciones de alto tr\u00e1fico que requieren rendimiento, estabilidad y facilidad de uso.<\/p>\n<h3 data-start=\"921\" data-end=\"957\"><strong data-start=\"927\" data-end=\"957\">Caracter\u00edsticas destacadas<\/strong><\/h3>\n<ul data-start=\"958\" data-end=\"2089\">\n<li data-start=\"958\" data-end=\"1083\">\n<p data-start=\"960\" data-end=\"1083\">Ideal para elevar el nivel de cualquier espacio de entrenamiento.<\/p>\n<\/li>\n<li data-start=\"1084\" data-end=\"1190\">\n<p data-start=\"1086\" data-end=\"1190\"><strong data-start=\"1086\" data-end=\"1129\">Columna de pesas selectorized de 80 kg<\/strong>, permite cambios r\u00e1pidos de carga sin necesidad de discos.<\/p>\n<\/li>\n<li data-start=\"1191\" data-end=\"1328\">\n<p data-start=\"1193\" data-end=\"1328\">Curva de resistencia <strong data-start=\"1214\" data-end=\"1242\">controlada y consistente<\/strong>, ideal para hip thrusts potentes y repetitivos con excelente activaci\u00f3n de gl\u00fateos.<\/p>\n<\/li>\n<li data-start=\"1329\" data-end=\"1434\">\n<p data-start=\"1331\" data-end=\"1434\">Movimiento <strong data-start=\"1342\" data-end=\"1366\">m\u00e1s estable y c\u00f3modo<\/strong>, con acolchado grueso que brinda soporte superior para la pelvis.<\/p>\n<\/li>\n<li data-start=\"1435\" data-end=\"1553\">\n<p data-start=\"1437\" data-end=\"1553\"><strong data-start=\"1437\" data-end=\"1471\">M\u00faltiples posiciones de agarre<\/strong>, dise\u00f1adas para atletas de todos los tama\u00f1os y diferentes estilos de ejecuci\u00f3n.<\/p>\n<\/li>\n<li data-start=\"1554\" data-end=\"1677\">\n<p data-start=\"1556\" data-end=\"1677\">Compatible con <strong data-start=\"1571\" data-end=\"1610\">bandas de resistencia<\/strong>, para agregar mayor resistencia en la fase final del movimiento.<\/p>\n<\/li>\n<li data-start=\"1678\" data-end=\"2089\">\n<p data-start=\"1680\" data-end=\"1768\">Perfecta para <strong data-start=\"1694\" data-end=\"1729\">entornos con m\u00faltiples usuarios<\/strong>, por su facilidad de uso y eficiencia:<\/p>\n<ul data-start=\"1771\" data-end=\"2089\">\n<li data-start=\"1771\" data-end=\"1830\">\n<p data-start=\"1773\" data-end=\"1830\">Gimnasios comerciales (cambios r\u00e1pidos y m\u00ednimo ajuste)<\/p>\n<\/li>\n<li data-start=\"1833\" data-end=\"1907\">\n<p data-start=\"1835\" data-end=\"1907\">Estudios de entrenamiento personal (control preciso para cada cliente)<\/p>\n<\/li>\n<li data-start=\"1910\" data-end=\"1973\">\n<p data-start=\"1912\" data-end=\"1973\">Rehabilitaci\u00f3n (resistencia predecible y progresi\u00f3n segura)<\/p>\n<\/li>\n<li data-start=\"1976\" data-end=\"2032\">\n<p data-start=\"1978\" data-end=\"2032\">Atletas de fuerza (ideal para sobrecarga progresiva)<\/p>\n<\/li>\n<li data-start=\"2035\" data-end=\"2089\">\n<p data-start=\"2037\" data-end=\"2089\">Usuarios generales (variaci\u00f3n intuitiva y accesible)<\/p>\n<\/li>\n<\/ul>\n<\/li>\n<\/ul>\n<h3 data-start=\"2096\" data-end=\"2132\"><strong data-start=\"2103\" data-end=\"2132\">Especificaciones t\u00e9cnicas<\/strong><\/h3>\n<ul data-start=\"2133\" data-end=\"2300\">\n<li data-start=\"2133\" data-end=\"2206\">\n<p data-start=\"2135\" data-end=\"2206\"><strong data-start=\"2135\" data-end=\"2151\">Dimensiones:<\/strong> 151.5 cm (largo) x 86.1 cm (ancho) x 157.8 cm (alto)<\/p>\n<\/li>\n<li data-start=\"2207\" data-end=\"2232\">\n<p data-start=\"2209\" data-end=\"2232\"><strong data-start=\"2209\" data-end=\"2223\">Peso neto:<\/strong> 290 kg<\/p>\n<\/li>\n<li data-start=\"2233\" data-end=\"2300\">\n<p data-start=\"2235\" data-end=\"2300\"><strong data-start=\"2235\" data-end=\"2254\">Placas de peso:<\/strong> 80kg<\/p>\n<\/li>\n<\/ul>","protected":false},"excerpt":{"rendered":"<p>La BF-8 es dise\u00f1ada para ofrecer una experiencia m\u00e1s eficiente, c\u00f3moda y vers\u00e1til en cualquier gimnasio. Su sistema de columna de pesas permite seleccionar la carga de forma r\u00e1pida y precisa, garantizando un movimiento fluido y una curva de resistencia controlada para lograr una activaci\u00f3n superior de gl\u00fateos. Gracias a su acolchado grueso para soporte [&hellip;]<\/p>\n","protected":false},"featured_media":3458,"template":"","meta":[],"product_brand":[],"product_cat":[85],"product_tag":[],"class_list":{"0":"post-3457","1":"product","2":"type-product","3":"status-publish","4":"has-post-thumbnail","6":"product_cat-booty-force","8":"first","9":"instock","10":"sale","11":"taxable","12":"shipping-taxable","13":"purchasable","14":"product-type-simple"},"_links":{"self":[{"href":"https:\/\/fitcr.com\/en\/wp-json\/wp\/v2\/product\/3457","targetHints":{"allow":["GET"]}}],"collection":[{"href":"https:\/\/fitcr.com\/en\/wp-json\/wp\/v2\/product"}],"about":[{"href":"https:\/\/fitcr.com\/en\/wp-json\/wp\/v2\/types\/product"}],"wp:featuredmedia":[{"embeddable":true,"href":"https:\/\/fitcr.com\/en\/wp-json\/wp\/v2\/media\/3458"}],"wp:attachment":[{"href":"https:\/\/fitcr.com\/en\/wp-json\/wp\/v2\/media?parent=3457"}],"wp:term":[{"taxonomy":"product_brand","embeddable":true,"href":"https:\/\/fitcr.com\/en\/wp-json\/wp\/v2\/product_brand?post=3457"},{"taxonomy":"product_cat","embeddable":true,"href":"https:\/\/fitcr.com\/en\/wp-json\/wp\/v2\/product_cat?post=3457"},{"taxonomy":"product_tag","embeddable":true,"href":"https:\/\/fitcr.com\/en\/wp-json\/wp\/v2\/product_tag?post=3457"}],"curies":[{"name":"wp","href":"https:\/\/api.w.org\/{rel}","templated":true}]}}