{"id":3459,"date":"2026-01-08T09:02:59","date_gmt":"2026-01-08T15:02:59","guid":{"rendered":"https:\/\/fitcr.com\/?post_type=product&#038;p=3459"},"modified":"2026-04-20T09:48:24","modified_gmt":"2026-04-20T15:48:24","slug":"bf-9","status":"publish","type":"product","link":"https:\/\/fitcr.com\/en\/product\/bf-9\/","title":{"rendered":"BF-9 Dual Hip Thrust"},"content":{"rendered":"<p data-start=\"278\" data-end=\"954\">The <strong data-start=\"281\" data-end=\"289\">BF-9<\/strong> es una m\u00e1quina innovadora que combina <strong data-start=\"328\" data-end=\"377\">m\u00e1xima comodidad, ajuste total y versatilidad<\/strong>, ofreciendo una experiencia de hip thrust superior. Es la primera en incorporar <strong data-start=\"458\" data-end=\"511\">respaldo ajustable y plataforma elevada ajustable<\/strong>, lo que permite una posici\u00f3n \u00f3ptima para usuarios de cualquier estatura. Su dise\u00f1o permite realizar hip thrust tradicional con barra (pies en el suelo) o hip thrust con plataforma elevada para un rango de movimiento m\u00e1s profundo y un mayor enfoque en <strong data-start=\"763\" data-end=\"791\">gl\u00fateos e isquiotibiales<\/strong>, reduciendo la participaci\u00f3n de los cu\u00e1driceps. Adem\u00e1s, incluye opciones para entrenamiento con bandas, ideal para una resistencia progresiva y m\u00e1xima activaci\u00f3n.<\/p>\n<h3 data-start=\"961\" data-end=\"997\"><strong data-start=\"967\" data-end=\"997\">Caracter\u00edsticas destacadas<\/strong><\/h3>\n<ul data-start=\"998\" data-end=\"2374\">\n<li data-start=\"998\" data-end=\"1123\">\n<p data-start=\"1000\" data-end=\"1123\"><strong data-start=\"1000\" data-end=\"1053\">Respaldo ajustable + plataforma elevada ajustable<\/strong>, para una posici\u00f3n perfecta y c\u00f3moda seg\u00fan la estatura del usuario.<\/p>\n<\/li>\n<li data-start=\"1124\" data-end=\"1244\">\n<p data-start=\"1126\" data-end=\"1244\"><strong data-start=\"1126\" data-end=\"1169\">Apta para usuarios de todas las alturas<\/strong>, ideal para gimnasios con alto tr\u00e1fico y m\u00faltiples perfiles de usuarios.<\/p>\n<\/li>\n<li data-start=\"1245\" data-end=\"1438\">\n<p data-start=\"1247\" data-end=\"1306\">Permite <strong data-start=\"1255\" data-end=\"1305\">dos estilos de hip thrust en una sola estaci\u00f3n<\/strong>:<\/p>\n<ul data-start=\"1309\" data-end=\"1438\">\n<li data-start=\"1309\" data-end=\"1364\">\n<p data-start=\"1311\" data-end=\"1364\">Hip thrust tradicional con barra (pies en el suelo)<\/p>\n<\/li>\n<li data-start=\"1367\" data-end=\"1438\">\n<p data-start=\"1369\" data-end=\"1438\">Hip thrust con plataforma elevada (m\u00e1s rango, m\u00e1s gl\u00fateo e isquios)<\/p>\n<\/li>\n<\/ul>\n<\/li>\n<li data-start=\"1439\" data-end=\"1543\">\n<p data-start=\"1441\" data-end=\"1543\"><strong data-start=\"1441\" data-end=\"1493\">Plataforma deslizante sobre rodamientos lineales<\/strong>, ajuste suave y preciso hacia adelante o atr\u00e1s.<\/p>\n<\/li>\n<li data-start=\"1544\" data-end=\"1701\">\n<p data-start=\"1546\" data-end=\"1701\">Plataforma elevada ofrece <strong data-start=\"1572\" data-end=\"1608\">rango de movimiento m\u00e1s profundo<\/strong> y reduce el protagonismo del cu\u00e1driceps, enfocando el trabajo en gl\u00fateos e isquiotibiales.<\/p>\n<\/li>\n<li data-start=\"1702\" data-end=\"1817\">\n<p data-start=\"1704\" data-end=\"1817\"><strong data-start=\"1704\" data-end=\"1738\">Pernos para bandas reubicables<\/strong>, permite m\u00faltiples ejercicios con resistencia para tren superior e inferior.<\/p>\n<\/li>\n<li data-start=\"1818\" data-end=\"1996\">\n<p data-start=\"1820\" data-end=\"1996\">Ideal para entrenamiento con bandas: m\u00e1s c\u00f3modo y r\u00e1pido de configurar, con <strong data-start=\"1896\" data-end=\"1949\">mayor resistencia en la parte alta del movimiento<\/strong>, perfecto para m\u00e1xima activaci\u00f3n de gl\u00fateos.<\/p>\n<\/li>\n<li data-start=\"1997\" data-end=\"2374\">\n<p data-start=\"1999\" data-end=\"2013\">Perfecta para:<\/p>\n<ul data-start=\"2016\" data-end=\"2374\">\n<li data-start=\"2016\" data-end=\"2096\">\n<p data-start=\"2018\" data-end=\"2096\"><strong data-start=\"2018\" data-end=\"2043\">Gimnasios comerciales<\/strong> que desean variedad de hip thrust (barra y bandas)<\/p>\n<\/li>\n<li data-start=\"2099\" data-end=\"2187\">\n<p data-start=\"2101\" data-end=\"2187\"><strong data-start=\"2101\" data-end=\"2122\">Atletas de fuerza<\/strong> que buscan sobrecarga progresiva con configuraci\u00f3n consistente<\/p>\n<\/li>\n<li data-start=\"2190\" data-end=\"2282\">\n<p data-start=\"2192\" data-end=\"2282\"><strong data-start=\"2192\" data-end=\"2222\">Entrenadores y estudios PT<\/strong>, por su ajuste r\u00e1pido para clientes de diferentes alturas<\/p>\n<\/li>\n<li data-start=\"2285\" data-end=\"2374\">\n<p data-start=\"2287\" data-end=\"2374\">Usuarios que prefieren hip thrust con barra pero quieren una base estable y ajustable<\/p>\n<\/li>\n<\/ul>\n<\/li>\n<\/ul>\n<h3 data-start=\"2381\" data-end=\"2417\"><strong data-start=\"2388\" data-end=\"2417\">Especificaciones t\u00e9cnicas<\/strong><\/h3>\n<ul data-start=\"2418\" data-end=\"2511\">\n<li data-start=\"2418\" data-end=\"2485\">\n<p data-start=\"2420\" data-end=\"2485\"><strong data-start=\"2420\" data-end=\"2436\">Dimensiones:<\/strong> 188 cm (largo) x 101 cm (ancho) x 50 cm (alto)<\/p>\n<\/li>\n<li data-start=\"2486\" data-end=\"2511\">\n<p data-start=\"2488\" data-end=\"2511\"><strong data-start=\"2488\" data-end=\"2502\">Peso neto:<\/strong> 125 kg<\/p>\n<\/li>\n<\/ul>","protected":false},"excerpt":{"rendered":"<p>La BF-9 es una m\u00e1quina innovadora que combina m\u00e1xima comodidad, ajuste total y versatilidad, ofreciendo una experiencia de hip thrust superior. Es la primera en incorporar respaldo ajustable y plataforma elevada ajustable, lo que permite una posici\u00f3n \u00f3ptima para usuarios de cualquier estatura. Su dise\u00f1o permite realizar hip thrust tradicional con barra (pies en el [&hellip;]<\/p>\n","protected":false},"featured_media":3460,"template":"","meta":[],"product_brand":[],"product_cat":[85],"product_tag":[],"class_list":{"0":"post-3459","1":"product","2":"type-product","3":"status-publish","4":"has-post-thumbnail","6":"product_cat-booty-force","8":"first","9":"instock","10":"sale","11":"taxable","12":"shipping-taxable","13":"purchasable","14":"product-type-simple"},"_links":{"self":[{"href":"https:\/\/fitcr.com\/en\/wp-json\/wp\/v2\/product\/3459","targetHints":{"allow":["GET"]}}],"collection":[{"href":"https:\/\/fitcr.com\/en\/wp-json\/wp\/v2\/product"}],"about":[{"href":"https:\/\/fitcr.com\/en\/wp-json\/wp\/v2\/types\/product"}],"wp:featuredmedia":[{"embeddable":true,"href":"https:\/\/fitcr.com\/en\/wp-json\/wp\/v2\/media\/3460"}],"wp:attachment":[{"href":"https:\/\/fitcr.com\/en\/wp-json\/wp\/v2\/media?parent=3459"}],"wp:term":[{"taxonomy":"product_brand","embeddable":true,"href":"https:\/\/fitcr.com\/en\/wp-json\/wp\/v2\/product_brand?post=3459"},{"taxonomy":"product_cat","embeddable":true,"href":"https:\/\/fitcr.com\/en\/wp-json\/wp\/v2\/product_cat?post=3459"},{"taxonomy":"product_tag","embeddable":true,"href":"https:\/\/fitcr.com\/en\/wp-json\/wp\/v2\/product_tag?post=3459"}],"curies":[{"name":"wp","href":"https:\/\/api.w.org\/{rel}","templated":true}]}}