{"id":3482,"date":"2026-03-25T11:03:15","date_gmt":"2026-03-25T17:03:15","guid":{"rendered":"https:\/\/fitcr.com\/?post_type=product&#038;p=3482"},"modified":"2026-03-25T11:04:49","modified_gmt":"2026-03-25T17:04:49","slug":"g5055-1r-leg-curl-extension","status":"publish","type":"product","link":"https:\/\/fitcr.com\/en\/product\/g5055-1r-leg-curl-extension\/","title":{"rendered":"G5055-1R  Leg Curl &amp; Extension"},"content":{"rendered":"<p data-start=\"60\" data-end=\"90\"><strong data-start=\"60\" data-end=\"90\">Especificaciones t\u00e9cnicas:<\/strong><\/p>\n<ul data-start=\"92\" data-end=\"292\">\n<li data-section-id=\"1jw2px6\" data-start=\"92\" data-end=\"144\"><strong data-start=\"94\" data-end=\"124\">Dimensiones de la m\u00e1quina:<\/strong> 130 \u00d7 98 \u00d7 155 cm<\/li>\n<li data-section-id=\"1bq9bem\" data-start=\"145\" data-end=\"194\"><strong data-start=\"147\" data-end=\"175\">Dimensiones del empaque:<\/strong> 160 \u00d7 70 \u00d7 45 cm<\/li>\n<li data-section-id=\"lahugz\" data-start=\"195\" data-end=\"258\"><strong data-start=\"197\" data-end=\"218\">Peso neto:<\/strong> 183 kg (103 kg + 80 kg torre de peso)<\/li>\n<li data-section-id=\"4mdy6j\" data-start=\"259\" data-end=\"292\"><strong data-start=\"261\" data-end=\"283\">Peso bruto:<\/strong> 210 kg<\/li>\n<\/ul>\n<p data-start=\"294\" data-end=\"309\"><strong data-start=\"294\" data-end=\"309\">Estructura:<\/strong><\/p>\n<ul data-start=\"311\" data-end=\"435\">\n<li data-section-id=\"tbe6pd\" data-start=\"311\" data-end=\"372\"><strong data-start=\"313\" data-end=\"334\">Tubo principal 1:<\/strong> 5 \u00d7 10 \u00d7 0.25 cm (tubo rectangular)<\/li>\n<li data-section-id=\"igte9r\" data-start=\"373\" data-end=\"435\"><strong data-start=\"375\" data-end=\"396\">Tubo principal 2:<\/strong> 5 \u00d7 7.5 \u00d7 0.25 cm (tubo rectangular)<\/li>\n<\/ul>","protected":false},"excerpt":{"rendered":"<p>Especificaciones t\u00e9cnicas: Dimensiones de la m\u00e1quina: 130 \u00d7 98 \u00d7 155 cm Dimensiones del empaque: 160 \u00d7 70 \u00d7 45 cm Peso neto: 183 kg (103 kg + 80 kg torre de peso) Peso bruto: 210 kg Estructura: Tubo principal 1: 5 \u00d7 10 \u00d7 0.25 cm (tubo rectangular) Tubo principal 2: 5 \u00d7 7.5 [&hellip;]<\/p>\n","protected":false},"featured_media":3483,"template":"","meta":[],"product_brand":[],"product_cat":[42],"product_tag":[],"class_list":{"0":"post-3482","1":"product","2":"type-product","3":"status-publish","4":"has-post-thumbnail","6":"product_cat-fuerza","8":"first","9":"instock","10":"taxable","11":"shipping-taxable","12":"purchasable","13":"product-type-simple"},"_links":{"self":[{"href":"https:\/\/fitcr.com\/en\/wp-json\/wp\/v2\/product\/3482","targetHints":{"allow":["GET"]}}],"collection":[{"href":"https:\/\/fitcr.com\/en\/wp-json\/wp\/v2\/product"}],"about":[{"href":"https:\/\/fitcr.com\/en\/wp-json\/wp\/v2\/types\/product"}],"wp:featuredmedia":[{"embeddable":true,"href":"https:\/\/fitcr.com\/en\/wp-json\/wp\/v2\/media\/3483"}],"wp:attachment":[{"href":"https:\/\/fitcr.com\/en\/wp-json\/wp\/v2\/media?parent=3482"}],"wp:term":[{"taxonomy":"product_brand","embeddable":true,"href":"https:\/\/fitcr.com\/en\/wp-json\/wp\/v2\/product_brand?post=3482"},{"taxonomy":"product_cat","embeddable":true,"href":"https:\/\/fitcr.com\/en\/wp-json\/wp\/v2\/product_cat?post=3482"},{"taxonomy":"product_tag","embeddable":true,"href":"https:\/\/fitcr.com\/en\/wp-json\/wp\/v2\/product_tag?post=3482"}],"curies":[{"name":"wp","href":"https:\/\/api.w.org\/{rel}","templated":true}]}}