{"id":3494,"date":"2026-03-30T12:45:24","date_gmt":"2026-03-30T18:45:24","guid":{"rendered":"https:\/\/fitcr.com\/?post_type=product&#038;p=3494"},"modified":"2026-04-20T09:57:49","modified_gmt":"2026-04-20T15:57:49","slug":"bf-11","status":"publish","type":"product","link":"https:\/\/fitcr.com\/en\/product\/bf-11\/","title":{"rendered":"BF-11 Selectorized Standing Abductor"},"content":{"rendered":"<p data-start=\"0\" data-end=\"372\">BF-11 est\u00e1 dise\u00f1ada para lograr una activaci\u00f3n \u00f3ptima de los gl\u00fateos superiores y laterales con un sistema de peso integrado que permite un entrenamiento m\u00e1s r\u00e1pido, preciso y fluido. Adem\u00e1s de desarrollar gl\u00fateos, mejora la movilidad de cadera, el equilibrio y la estabilidad del core en un formato pr\u00e1ctico y profesional.<\/p>\n<p data-start=\"374\" data-end=\"404\"><strong data-start=\"374\" data-end=\"404\">Caracter\u00edsticas destacadas<\/strong><\/p>\n<p data-start=\"406\" data-end=\"473\">Activaci\u00f3n precisa de gl\u00fateos<br data-start=\"435\" data-end=\"438\" \/>Enfoque en gl\u00fateo medio y superior.<\/p>\n<p data-start=\"475\" data-end=\"536\">Sistema selectorizado<br data-start=\"496\" data-end=\"499\" \/>Cambio de peso r\u00e1pido y sin esfuerzo.<\/p>\n<p data-start=\"538\" data-end=\"604\">Entrenamiento funcional<br data-start=\"561\" data-end=\"564\" \/>Mejora estabilidad, movilidad y control.<\/p>\n<p data-start=\"606\" data-end=\"665\">Uso c\u00f3modo y seguro<br data-start=\"625\" data-end=\"628\" \/>Plataforma amplia y acolchado grueso.<\/p>\n<p data-start=\"667\" data-end=\"732\">M\u00faltiples posiciones de agarre<br data-start=\"697\" data-end=\"700\" \/>Adaptable a diferentes usuarios.<\/p>\n<p data-start=\"734\" data-end=\"805\">Alta eficiencia en uso continuo<br data-start=\"765\" data-end=\"768\" \/>Ideal para gimnasios de alto tr\u00e1fico.<\/p>\n<p data-start=\"807\" data-end=\"821\"><strong data-start=\"807\" data-end=\"821\">Ideal para<\/strong><\/p>\n<p data-start=\"823\" data-end=\"968\">Entrenamientos de gl\u00fateos laterales.<br data-start=\"859\" data-end=\"862\" \/>Calentamientos de tren inferior.<br data-start=\"894\" data-end=\"897\" \/>Usuarios de todos los niveles.<br data-start=\"927\" data-end=\"930\" \/>Rehabilitaci\u00f3n y trabajo controlado.<\/p>\n<p data-start=\"970\" data-end=\"993\"><strong data-start=\"970\" data-end=\"993\">M\u00fasculos trabajados<\/strong><\/p>\n<p data-start=\"995\" data-end=\"1059\">Gl\u00fateo medio<br data-start=\"1007\" data-end=\"1010\" \/>Gl\u00fateo menor<br data-start=\"1022\" data-end=\"1025\" \/>Core<br data-start=\"1029\" data-end=\"1032\" \/>Estabilizadores de cadera<\/p>\n<p data-start=\"1061\" data-end=\"1090\"><strong data-start=\"1061\" data-end=\"1090\">Especificaciones t\u00e9cnicas<\/strong><\/p>\n<p data-start=\"1092\" data-end=\"1138\">Dimensiones:<br data-start=\"1104\" data-end=\"1107\" \/>158.9 cm x 86.1 cm x 157.8 cm<\/p>\n<p data-start=\"1140\" data-end=\"1165\">Weight:<br data-start=\"1145\" data-end=\"1148\" \/>255 kg (562 lb)<\/p>\n<p data-start=\"1167\" data-end=\"1222\" data-is-last-node=\"\" data-is-only-node=\"\">Stack de peso:<br data-start=\"1181\" data-end=\"1184\" \/>80 kg<\/p>","protected":false},"excerpt":{"rendered":"<p>BF-11 est\u00e1 dise\u00f1ada para lograr una activaci\u00f3n \u00f3ptima de los gl\u00fateos superiores y laterales con un sistema de peso integrado que permite un entrenamiento m\u00e1s r\u00e1pido, preciso y fluido. Adem\u00e1s de desarrollar gl\u00fateos, mejora la movilidad de cadera, el equilibrio y la estabilidad del core en un formato pr\u00e1ctico y profesional. Caracter\u00edsticas destacadas Activaci\u00f3n precisa [&hellip;]<\/p>\n","protected":false},"featured_media":3496,"template":"","meta":[],"product_brand":[],"product_cat":[85],"product_tag":[],"class_list":{"0":"post-3494","1":"product","2":"type-product","3":"status-publish","4":"has-post-thumbnail","6":"product_cat-booty-force","8":"first","9":"instock","10":"sale","11":"taxable","12":"shipping-taxable","13":"purchasable","14":"product-type-simple"},"_links":{"self":[{"href":"https:\/\/fitcr.com\/en\/wp-json\/wp\/v2\/product\/3494","targetHints":{"allow":["GET"]}}],"collection":[{"href":"https:\/\/fitcr.com\/en\/wp-json\/wp\/v2\/product"}],"about":[{"href":"https:\/\/fitcr.com\/en\/wp-json\/wp\/v2\/types\/product"}],"wp:featuredmedia":[{"embeddable":true,"href":"https:\/\/fitcr.com\/en\/wp-json\/wp\/v2\/media\/3496"}],"wp:attachment":[{"href":"https:\/\/fitcr.com\/en\/wp-json\/wp\/v2\/media?parent=3494"}],"wp:term":[{"taxonomy":"product_brand","embeddable":true,"href":"https:\/\/fitcr.com\/en\/wp-json\/wp\/v2\/product_brand?post=3494"},{"taxonomy":"product_cat","embeddable":true,"href":"https:\/\/fitcr.com\/en\/wp-json\/wp\/v2\/product_cat?post=3494"},{"taxonomy":"product_tag","embeddable":true,"href":"https:\/\/fitcr.com\/en\/wp-json\/wp\/v2\/product_tag?post=3494"}],"curies":[{"name":"wp","href":"https:\/\/api.w.org\/{rel}","templated":true}]}}