{"id":3499,"date":"2026-04-06T16:54:19","date_gmt":"2026-04-06T22:54:19","guid":{"rendered":"https:\/\/fitcr.com\/?post_type=product&#038;p=3499"},"modified":"2026-04-29T14:11:40","modified_gmt":"2026-04-29T20:11:40","slug":"h2go","status":"publish","type":"product","link":"https:\/\/fitcr.com\/en\/product\/h2go\/","title":{"rendered":"H2GO"},"content":{"rendered":"<p data-start=\"221\" data-end=\"378\">Botella port\u00e1til dise\u00f1ada para generar agua enriquecida con hidr\u00f3geno molecular, mejorando la hidrataci\u00f3n y apoyando el bienestar general.<\/p>\n<h3 data-section-id=\"1gkcnxn\" data-start=\"866\" data-end=\"899\"><span role=\"text\"><strong data-start=\"873\" data-end=\"899\">Beneficios Principales<\/strong><\/span><\/h3>\n<ul data-start=\"901\" data-end=\"1136\">\n<li data-section-id=\"mrz6a8\" data-start=\"901\" data-end=\"941\">Ayuda a combatir el estr\u00e9s oxidativo<\/li>\n<li data-section-id=\"medfaw\" data-start=\"942\" data-end=\"975\">Mejora la recuperaci\u00f3n f\u00edsica<\/li>\n<li data-section-id=\"1byu3le\" data-start=\"976\" data-end=\"1001\">Reduce la inflamaci\u00f3n<\/li>\n<li data-section-id=\"142h7kg\" data-start=\"1002\" data-end=\"1031\">Apoya la salud de la piel<\/li>\n<li data-section-id=\"mggf4l\" data-start=\"1032\" data-end=\"1054\">Aumenta la energ\u00eda<\/li>\n<li data-section-id=\"z54vhu\" data-start=\"1055\" data-end=\"1095\">Mejora el enfoque y la concentraci\u00f3n<\/li>\n<li data-section-id=\"uvi5hx\" data-start=\"1096\" data-end=\"1136\">Favorece el equilibrio del organismo<\/li>\n<\/ul>\n<h3 data-section-id=\"xs2d7r\" data-start=\"1143\" data-end=\"1169\"><span role=\"text\"><strong data-start=\"1150\" data-end=\"1169\">Seguridad y Uso<\/strong><\/span><\/h3>\n<ul data-start=\"1171\" data-end=\"1317\">\n<li data-section-id=\"1jym72\" data-start=\"1171\" data-end=\"1205\">Uso sencillo con un solo bot\u00f3n<\/li>\n<li data-section-id=\"lcglbm\" data-start=\"1206\" data-end=\"1239\">Sistema de apagado autom\u00e1tico<\/li>\n<li data-section-id=\"1ypq1aj\" data-start=\"1240\" data-end=\"1282\">Materiales seguros para consumo humano<\/li>\n<li data-section-id=\"1d6sgbj\" data-start=\"1283\" data-end=\"1317\">F\u00e1cil limpieza y mantenimiento<\/li>\n<\/ul>\n<p data-start=\"1352\" data-end=\"1365\"><strong>Ideal para:<\/strong><\/p>\n<ul data-start=\"1366\" data-end=\"1511\">\n<li data-section-id=\"3461bo\" data-start=\"1366\" data-end=\"1408\">Entrenamiento y recuperaci\u00f3n deportiva<\/li>\n<li data-section-id=\"2d3o2c\" data-start=\"1409\" data-end=\"1450\">Uso diario (oficina, casa, movilidad)<\/li>\n<li data-section-id=\"1h0ljz5\" data-start=\"1451\" data-end=\"1511\">Personas que buscan mejorar su hidrataci\u00f3n y rendimiento<\/li>\n<\/ul>","protected":false},"excerpt":{"rendered":"<p>Botella port\u00e1til dise\u00f1ada para generar agua enriquecida con hidr\u00f3geno molecular, mejorando la hidrataci\u00f3n y apoyando el bienestar general. Beneficios Principales Ayuda a combatir el estr\u00e9s oxidativo Mejora la recuperaci\u00f3n f\u00edsica Reduce la inflamaci\u00f3n Apoya la salud de la piel Aumenta la energ\u00eda Mejora el enfoque y la concentraci\u00f3n Favorece el equilibrio del organismo Seguridad y [&hellip;]<\/p>\n","protected":false},"featured_media":3501,"template":"","meta":[],"product_brand":[],"product_cat":[86],"product_tag":[],"class_list":{"0":"post-3499","1":"product","2":"type-product","3":"status-publish","4":"has-post-thumbnail","6":"product_cat-wellness","8":"first","9":"instock","10":"sale","11":"taxable","12":"shipping-taxable","13":"purchasable","14":"product-type-simple"},"_links":{"self":[{"href":"https:\/\/fitcr.com\/en\/wp-json\/wp\/v2\/product\/3499","targetHints":{"allow":["GET"]}}],"collection":[{"href":"https:\/\/fitcr.com\/en\/wp-json\/wp\/v2\/product"}],"about":[{"href":"https:\/\/fitcr.com\/en\/wp-json\/wp\/v2\/types\/product"}],"wp:featuredmedia":[{"embeddable":true,"href":"https:\/\/fitcr.com\/en\/wp-json\/wp\/v2\/media\/3501"}],"wp:attachment":[{"href":"https:\/\/fitcr.com\/en\/wp-json\/wp\/v2\/media?parent=3499"}],"wp:term":[{"taxonomy":"product_brand","embeddable":true,"href":"https:\/\/fitcr.com\/en\/wp-json\/wp\/v2\/product_brand?post=3499"},{"taxonomy":"product_cat","embeddable":true,"href":"https:\/\/fitcr.com\/en\/wp-json\/wp\/v2\/product_cat?post=3499"},{"taxonomy":"product_tag","embeddable":true,"href":"https:\/\/fitcr.com\/en\/wp-json\/wp\/v2\/product_tag?post=3499"}],"curies":[{"name":"wp","href":"https:\/\/api.w.org\/{rel}","templated":true}]}}