{"id":470,"date":"2022-09-26T16:25:22","date_gmt":"2022-09-26T22:25:22","guid":{"rendered":"https:\/\/fitcr.com\/?post_type=product&#038;p=470"},"modified":"2025-06-11T14:54:16","modified_gmt":"2025-06-11T20:54:16","slug":"gtz-2010br-commercial-eliptical-machine-keyboard","status":"publish","type":"product","link":"https:\/\/fitcr.com\/en\/product\/gtz-2010br-commercial-eliptical-machine-keyboard\/","title":{"rendered":"G2010BR COMMERCIAL ELIPTICAL MACHINE (KEYBOARD)"},"content":{"rendered":"<ul>\n<li>Input power\uff1a50W<\/li>\n<li>Resistance range\uff1a20 levels<\/li>\n<li>Heart rate system\uff1amanual heart rate maintenance\uff08Wireless heart rate can be provided,<\/li>\n<li>Stride size: 510mm Distance between feet: 75mm<\/li>\n<li>Machine size: L:2030mm*W:660mm*H:1750mm<\/li>\n<li>NW:104KG<\/li>\n<li>GW:149.5KG<\/li>\n<\/ul>","protected":false},"excerpt":{"rendered":"<p>Potencia de entrada\uff1a50W Rango de resistencia\uff1a20 niveles Sistema de frecuencia card\u00edaca\uff1amanual mantener la frecuencia card\u00edaca\uff08Se puede proporcionar frecuencia card\u00edaca inal\u00e1mbrica, Tama\u00f1o de zancada: 510mm Distancia entre pies: 75mm Tama\u00f1o de la m\u00e1quina: L:2030mm*W:660mm*H:1750mm N.W.:104KG G.W.:149.5KG<\/p>","protected":false},"featured_media":2423,"template":"","meta":[],"product_brand":[],"product_cat":[32],"product_tag":[],"class_list":{"0":"post-470","1":"product","2":"type-product","3":"status-publish","4":"has-post-thumbnail","6":"product_cat-elipticas","8":"first","9":"instock","10":"sale","11":"taxable","12":"shipping-taxable","13":"purchasable","14":"product-type-simple"},"_links":{"self":[{"href":"https:\/\/fitcr.com\/en\/wp-json\/wp\/v2\/product\/470","targetHints":{"allow":["GET"]}}],"collection":[{"href":"https:\/\/fitcr.com\/en\/wp-json\/wp\/v2\/product"}],"about":[{"href":"https:\/\/fitcr.com\/en\/wp-json\/wp\/v2\/types\/product"}],"wp:featuredmedia":[{"embeddable":true,"href":"https:\/\/fitcr.com\/en\/wp-json\/wp\/v2\/media\/2423"}],"wp:attachment":[{"href":"https:\/\/fitcr.com\/en\/wp-json\/wp\/v2\/media?parent=470"}],"wp:term":[{"taxonomy":"product_brand","embeddable":true,"href":"https:\/\/fitcr.com\/en\/wp-json\/wp\/v2\/product_brand?post=470"},{"taxonomy":"product_cat","embeddable":true,"href":"https:\/\/fitcr.com\/en\/wp-json\/wp\/v2\/product_cat?post=470"},{"taxonomy":"product_tag","embeddable":true,"href":"https:\/\/fitcr.com\/en\/wp-json\/wp\/v2\/product_tag?post=470"}],"curies":[{"name":"wp","href":"https:\/\/api.w.org\/{rel}","templated":true}]}}