{"id":511,"date":"2022-10-08T07:03:36","date_gmt":"2022-10-08T13:03:36","guid":{"rendered":"https:\/\/fitcr.com\/?post_type=product&#038;p=511"},"modified":"2026-02-09T09:53:02","modified_gmt":"2026-02-09T15:53:02","slug":"banca-ajustable-gtz-q1023r","status":"publish","type":"product","link":"https:\/\/fitcr.com\/en\/product\/banca-ajustable-gtz-q1023r\/","title":{"rendered":"G1023R BANCA AJUSTABLE"},"content":{"rendered":"<ul>\n<li>Machine size: (L*W*H)mm:1200*540*470mm<\/li>\n<li>Packing size: (L*W*H)mm:1150*500*200mm<\/li>\n<li>Weight stack: 21.5 kg<\/li>\n<li>GW: 20 kg<\/li>\n<li>(-15 degree to 85 degree)<\/li>\n<li>Maximum user weight: 200 kg<\/li>\n<\/ul>","protected":false},"excerpt":{"rendered":"<p>Tama\u00f1o de la m\u00e1quina: (L*W*H)mm:1200*540*470mm Tama\u00f1o del embalaje: (L*W*H)mm:1150*500*200mm Stack de peso: 21.5 kg GW: 20 kg (-15 degree to 85 degree) Peso m\u00e1ximo del usuario: 200 kg<\/p>","protected":false},"featured_media":3193,"template":"","meta":[],"product_brand":[],"product_cat":[42],"product_tag":[],"class_list":{"0":"post-511","1":"product","2":"type-product","3":"status-publish","4":"has-post-thumbnail","6":"product_cat-fuerza","8":"first","9":"instock","10":"taxable","11":"shipping-taxable","12":"purchasable","13":"product-type-simple"},"_links":{"self":[{"href":"https:\/\/fitcr.com\/en\/wp-json\/wp\/v2\/product\/511","targetHints":{"allow":["GET"]}}],"collection":[{"href":"https:\/\/fitcr.com\/en\/wp-json\/wp\/v2\/product"}],"about":[{"href":"https:\/\/fitcr.com\/en\/wp-json\/wp\/v2\/types\/product"}],"wp:featuredmedia":[{"embeddable":true,"href":"https:\/\/fitcr.com\/en\/wp-json\/wp\/v2\/media\/3193"}],"wp:attachment":[{"href":"https:\/\/fitcr.com\/en\/wp-json\/wp\/v2\/media?parent=511"}],"wp:term":[{"taxonomy":"product_brand","embeddable":true,"href":"https:\/\/fitcr.com\/en\/wp-json\/wp\/v2\/product_brand?post=511"},{"taxonomy":"product_cat","embeddable":true,"href":"https:\/\/fitcr.com\/en\/wp-json\/wp\/v2\/product_cat?post=511"},{"taxonomy":"product_tag","embeddable":true,"href":"https:\/\/fitcr.com\/en\/wp-json\/wp\/v2\/product_tag?post=511"}],"curies":[{"name":"wp","href":"https:\/\/api.w.org\/{rel}","templated":true}]}}