{"id":563,"date":"2022-10-10T16:24:12","date_gmt":"2022-10-10T22:24:12","guid":{"rendered":"https:\/\/fitcr.com\/?post_type=product&#038;p=563"},"modified":"2024-10-15T15:39:45","modified_gmt":"2024-10-15T21:39:45","slug":"pectoral-fly-gg-5007r","status":"publish","type":"product","link":"https:\/\/fitcr.com\/en\/product\/pectoral-fly-gg-5007r\/","title":{"rendered":"GG-5007R PECTORAL FLY"},"content":{"rendered":"<div class=\"page\" title=\"Page 8\">\n<div class=\"layoutArea\">\n<div class=\"column\">\n<ul>\n<li>Machine size: 1500*930*1980mm<\/li>\n<li>Packing size: 2000*600*450mm<\/li>\n<li>NW: 98KG+81KG(Stacked Weight)=179KG<\/li>\n<li>WG: 210KG<\/li>\n<\/ul>\n<\/div>\n<\/div>\n<\/div>","protected":false},"excerpt":{"rendered":"<p>Tama\u00f1o de la m\u00e1quina:1500*930*1980mm Tama\u00f1o del embalaje:2000*600*450mm N.W.: 98KG+81KG(Peso apilado)=179KG G.W.: 210KG<\/p>","protected":false},"featured_media":2613,"template":"","meta":[],"product_brand":[],"product_cat":[42],"product_tag":[],"class_list":{"0":"post-563","1":"product","2":"type-product","3":"status-publish","4":"has-post-thumbnail","6":"product_cat-fuerza","8":"first","9":"instock","10":"taxable","11":"shipping-taxable","12":"purchasable","13":"product-type-simple"},"_links":{"self":[{"href":"https:\/\/fitcr.com\/en\/wp-json\/wp\/v2\/product\/563","targetHints":{"allow":["GET"]}}],"collection":[{"href":"https:\/\/fitcr.com\/en\/wp-json\/wp\/v2\/product"}],"about":[{"href":"https:\/\/fitcr.com\/en\/wp-json\/wp\/v2\/types\/product"}],"wp:featuredmedia":[{"embeddable":true,"href":"https:\/\/fitcr.com\/en\/wp-json\/wp\/v2\/media\/2613"}],"wp:attachment":[{"href":"https:\/\/fitcr.com\/en\/wp-json\/wp\/v2\/media?parent=563"}],"wp:term":[{"taxonomy":"product_brand","embeddable":true,"href":"https:\/\/fitcr.com\/en\/wp-json\/wp\/v2\/product_brand?post=563"},{"taxonomy":"product_cat","embeddable":true,"href":"https:\/\/fitcr.com\/en\/wp-json\/wp\/v2\/product_cat?post=563"},{"taxonomy":"product_tag","embeddable":true,"href":"https:\/\/fitcr.com\/en\/wp-json\/wp\/v2\/product_tag?post=563"}],"curies":[{"name":"wp","href":"https:\/\/api.w.org\/{rel}","templated":true}]}}