{"id":796,"date":"2022-10-14T11:09:08","date_gmt":"2022-10-14T17:09:08","guid":{"rendered":"https:\/\/fitcr.com\/?post_type=product&#038;p=796"},"modified":"2024-09-12T10:12:12","modified_gmt":"2024-09-12T16:12:12","slug":"gtz-6035r-vertical-traction","status":"publish","type":"product","link":"https:\/\/fitcr.com\/en\/product\/gtz-6035r-vertical-traction\/","title":{"rendered":"GTZ-6035R VERTICAL TRACTION"},"content":{"rendered":"<ul>\n<li>Tama\u00f1o de la m\u00e1quina (L*W*H)mm: 1250*1300*1870<\/li>\n<li>Tube 60*120*3 mm oval steel tube<\/li>\n<li>Pile weight: 100kg<\/li>\n<li>Peso de la m\u00e1quina: 265kg<\/li>\n<\/ul>\n<p>&nbsp;<\/p>\n<hr \/>\n<p>&nbsp;<\/p>\n<ul>\n<li>La Tracci\u00f3n Vertical especialmente dise\u00f1ada fortalece los m\u00fasculos de la parte superior del cuerpo de forma segura y eficaz.<\/li>\n<li>El equipo est\u00e1 recomendado para: Movimientos de flexi\u00f3n y extensi\u00f3n de las extremidades inferiores<\/li>\n<li>La palanca de inicio de pie permite comenzar el ejercicio sin necesidad de ajustar la posici\u00f3n inicial, lo que facilita el movimiento inicial.<\/li>\n<li>Los dos brazos tienen una acci\u00f3n independiente para una mayor coordinaci\u00f3n que resulta en un desarrollo equilibrado de la fuerza.<\/li>\n<li>El plano de movimiento est\u00e1 ligeramente por delante de los hombros para proporcionar comodidad en el ejercicio.<\/li>\n<\/ul>","protected":false},"excerpt":{"rendered":"<ul>\n<li>Item No.: GTZ-6035R<\/li>\n<li>Name: Vertical Traction<\/li>\n<li>Machine Size (L*W*H)mm: 1250*1300*1870<\/li>\n<li>Tube: 60*120*3mm oval steel tube<\/li>\n<li>Weight Stack:100kg<\/li>\n<li>Machine Weight: 265kg<\/li>\n<\/ul>\n<p>1. The specially designed Vertical Traction builds strength in upper body muscles in a safe, effective way.<br \/>\n2. The equipment is recommended for: Bending and extending movements of the lower limbs<br \/>\n3. The foot start lever enables you to begin exercising without the need to adjust the starting position, making the initial movement easier.<br \/>\n4. The two arms have an independent action for increased coordination resulting in balanced strength development. The plane of movement is slightly in front of the shoulders to provide exercising comfort.<\/p>","protected":false},"featured_media":2515,"template":"","meta":[],"product_brand":[],"product_cat":[42],"product_tag":[71],"class_list":{"0":"post-796","1":"product","2":"type-product","3":"status-publish","4":"has-post-thumbnail","6":"product_cat-fuerza","7":"product_tag-deltoides","9":"first","10":"instock","11":"taxable","12":"shipping-taxable","13":"purchasable","14":"product-type-simple"},"_links":{"self":[{"href":"https:\/\/fitcr.com\/en\/wp-json\/wp\/v2\/product\/796","targetHints":{"allow":["GET"]}}],"collection":[{"href":"https:\/\/fitcr.com\/en\/wp-json\/wp\/v2\/product"}],"about":[{"href":"https:\/\/fitcr.com\/en\/wp-json\/wp\/v2\/types\/product"}],"wp:featuredmedia":[{"embeddable":true,"href":"https:\/\/fitcr.com\/en\/wp-json\/wp\/v2\/media\/2515"}],"wp:attachment":[{"href":"https:\/\/fitcr.com\/en\/wp-json\/wp\/v2\/media?parent=796"}],"wp:term":[{"taxonomy":"product_brand","embeddable":true,"href":"https:\/\/fitcr.com\/en\/wp-json\/wp\/v2\/product_brand?post=796"},{"taxonomy":"product_cat","embeddable":true,"href":"https:\/\/fitcr.com\/en\/wp-json\/wp\/v2\/product_cat?post=796"},{"taxonomy":"product_tag","embeddable":true,"href":"https:\/\/fitcr.com\/en\/wp-json\/wp\/v2\/product_tag?post=796"}],"curies":[{"name":"wp","href":"https:\/\/api.w.org\/{rel}","templated":true}]}}