{"id":798,"date":"2022-10-14T11:09:09","date_gmt":"2022-10-14T17:09:09","guid":{"rendered":"https:\/\/fitcr.com\/?post_type=product&#038;p=798"},"modified":"2024-09-12T10:13:25","modified_gmt":"2024-09-12T16:13:25","slug":"gtz-6036r-rotary-calf","status":"publish","type":"product","link":"https:\/\/fitcr.com\/en\/product\/gtz-6036r-rotary-calf\/","title":{"rendered":"GTZ-6036R ROTARY CALF"},"content":{"rendered":"<ul>\n<li>Tama\u00f1o de la m\u00e1quina (L*W*H)mm: 1385*945*1500<\/li>\n<li>Tube 60*120*3 mm oval steel tube<\/li>\n<li>Pile weight: 65kg<\/li>\n<li>Peso de la m\u00e1quina:185kg<\/li>\n<\/ul>\n<p>&nbsp;<\/p>\n<hr \/>\n<p>&nbsp;<\/p>\n<ul>\n<li>El reposapi\u00e9s gira a trav\u00e9s de un arco de movimiento natural para el tobillo para un entrenamiento eficaz de los m\u00fasculos de la pantorrilla.<\/li>\n<li>La posici\u00f3n de pierna extendida activa los m\u00fasculos Gastrocnemio y S\u00f3leo.<\/li>\n<li>La posici\u00f3n sentada con apoyo para la espalda elimina la compresi\u00f3n de la columna vertebral y proporciona una buena posici\u00f3n si se desea un entrenamiento uni-lateral.<\/li>\n<\/ul>","protected":false},"excerpt":{"rendered":"<ul>\n<li>Item No.: GTZ-6036R<\/li>\n<li>Name: Rotary Calf<\/li>\n<li>Machine Size (L*W*H)mm: 1385*945*1500<\/li>\n<li>Tube: 60*120*3mm oval steel tube<\/li>\n<li>Weight Stack: 65kg<\/li>\n<li>Machine Weight:185kg<\/li>\n<\/ul>\n<p>1. Footplate rotates through a natural arc of movement for the ankle for effective training of the calf muscles.<br \/>\n2. The extended leg position activates both Gastrocnemius and Soleus muscles.<br \/>\n3. The seated position with back support eliminates spinal compression and provides a good position if uni-lateral training is desired.<\/p>","protected":false},"featured_media":2516,"template":"","meta":[],"product_brand":[],"product_cat":[42],"product_tag":[71],"class_list":{"0":"post-798","1":"product","2":"type-product","3":"status-publish","4":"has-post-thumbnail","6":"product_cat-fuerza","7":"product_tag-deltoides","9":"first","10":"instock","11":"taxable","12":"shipping-taxable","13":"purchasable","14":"product-type-simple"},"_links":{"self":[{"href":"https:\/\/fitcr.com\/en\/wp-json\/wp\/v2\/product\/798","targetHints":{"allow":["GET"]}}],"collection":[{"href":"https:\/\/fitcr.com\/en\/wp-json\/wp\/v2\/product"}],"about":[{"href":"https:\/\/fitcr.com\/en\/wp-json\/wp\/v2\/types\/product"}],"wp:featuredmedia":[{"embeddable":true,"href":"https:\/\/fitcr.com\/en\/wp-json\/wp\/v2\/media\/2516"}],"wp:attachment":[{"href":"https:\/\/fitcr.com\/en\/wp-json\/wp\/v2\/media?parent=798"}],"wp:term":[{"taxonomy":"product_brand","embeddable":true,"href":"https:\/\/fitcr.com\/en\/wp-json\/wp\/v2\/product_brand?post=798"},{"taxonomy":"product_cat","embeddable":true,"href":"https:\/\/fitcr.com\/en\/wp-json\/wp\/v2\/product_cat?post=798"},{"taxonomy":"product_tag","embeddable":true,"href":"https:\/\/fitcr.com\/en\/wp-json\/wp\/v2\/product_tag?post=798"}],"curies":[{"name":"wp","href":"https:\/\/api.w.org\/{rel}","templated":true}]}}