{"id":800,"date":"2022-10-14T11:09:10","date_gmt":"2022-10-14T17:09:10","guid":{"rendered":"https:\/\/fitcr.com\/?post_type=product&#038;p=800"},"modified":"2024-09-12T10:37:32","modified_gmt":"2024-09-12T16:37:32","slug":"gtz-x6053r-inner-outer-thigh","status":"publish","type":"product","link":"https:\/\/fitcr.com\/en\/product\/gtz-x6053r-inner-outer-thigh\/","title":{"rendered":"GTZ-X6053R INNER &amp; OUTER THIGH"},"content":{"rendered":"<ul>\n<li>Machine size (L*W*H)mm: 1550*970*1520<\/li>\n<li>Tube 60*120*3mm rectangular steel tube<\/li>\n<li>Pile weight: 70kg<\/li>\n<li>Machine weight: 215kg<\/li>\n<\/ul>\n<p>&nbsp;<\/p>\n<hr \/>\n<p>&nbsp;<\/p>\n<ul>\n<li>Dise\u00f1o biomec\u00e1nico para un rendimiento \u00f3ptimo<\/li>\n<li>La posici\u00f3n del asiento se puede ajustar a la posici\u00f3n de sentado<\/li>\n<li>Incorpora una almohadilla de apoyo para asegurar la correcta posici\u00f3n de la rodilla.<\/li>\n<li>Dise\u00f1o biomec\u00e1nico para un rendimiento \u00f3ptimo<\/li>\n<li>One machine, two types of use<\/li>\n<\/ul>","protected":false},"excerpt":{"rendered":"<ul>\n<li>Item No.: GTZ-X6053R<\/li>\n<li>Name: Inner&amp;Outer thigh<\/li>\n<li>Machine Size(L*W*H)mm: 1550*970*1520<\/li>\n<li>Tube: 60*120*3mm rectangle steel tube<\/li>\n<li>Weight Stack: 70kg<\/li>\n<li>Machine Weight: 215kg<\/li>\n<\/ul>\n<p>1. Biomerchanically design for optimal performance<br \/>\n2. Seat position can be adjust to the sitting position<br \/>\n3. Incorporates a support pad to ensure correct position of the knee.<br \/>\n4. Biomerchanically design for optimal performance<br \/>\n5. One machine two kinds of usage<\/p>","protected":false},"featured_media":2605,"template":"","meta":[],"product_brand":[],"product_cat":[42],"product_tag":[71],"class_list":{"0":"post-800","1":"product","2":"type-product","3":"status-publish","4":"has-post-thumbnail","6":"product_cat-fuerza","7":"product_tag-deltoides","9":"first","10":"instock","11":"taxable","12":"shipping-taxable","13":"purchasable","14":"product-type-simple"},"_links":{"self":[{"href":"https:\/\/fitcr.com\/en\/wp-json\/wp\/v2\/product\/800","targetHints":{"allow":["GET"]}}],"collection":[{"href":"https:\/\/fitcr.com\/en\/wp-json\/wp\/v2\/product"}],"about":[{"href":"https:\/\/fitcr.com\/en\/wp-json\/wp\/v2\/types\/product"}],"wp:featuredmedia":[{"embeddable":true,"href":"https:\/\/fitcr.com\/en\/wp-json\/wp\/v2\/media\/2605"}],"wp:attachment":[{"href":"https:\/\/fitcr.com\/en\/wp-json\/wp\/v2\/media?parent=800"}],"wp:term":[{"taxonomy":"product_brand","embeddable":true,"href":"https:\/\/fitcr.com\/en\/wp-json\/wp\/v2\/product_brand?post=800"},{"taxonomy":"product_cat","embeddable":true,"href":"https:\/\/fitcr.com\/en\/wp-json\/wp\/v2\/product_cat?post=800"},{"taxonomy":"product_tag","embeddable":true,"href":"https:\/\/fitcr.com\/en\/wp-json\/wp\/v2\/product_tag?post=800"}],"curies":[{"name":"wp","href":"https:\/\/api.w.org\/{rel}","templated":true}]}}