{"id":833,"date":"2022-10-14T13:27:56","date_gmt":"2022-10-14T19:27:56","guid":{"rendered":"https:\/\/fitcr.com\/?post_type=product&#038;p=833"},"modified":"2024-09-12T10:29:46","modified_gmt":"2024-09-12T16:29:46","slug":"gtz-6047r-butterfly-machine","status":"publish","type":"product","link":"https:\/\/fitcr.com\/en\/product\/gtz-6047r-butterfly-machine\/","title":{"rendered":"GTZ-6047R BUTTERFLY MACHINE"},"content":{"rendered":"<ul>\n<li>Tama\u00f1o de la m\u00e1quina(L*W*H)mm: 1450*1270*1890<\/li>\n<li>Tube 60*120*3 mm oval steel tube<\/li>\n<li>Pile weight: 100kg<\/li>\n<li>Machine weight: 236kg<\/li>\n<\/ul>\n<p>&nbsp;<\/p>\n<hr \/>\n<p>&nbsp;<\/p>\n<ul>\n<li>Allows the user to quickly and easily adjust the weight in 5kg increments<\/li>\n<li>New tactile numbers, new pin and smart pin, to allow blind and visually impaired users to use the machines<\/li>\n<li>Combinaci\u00f3n perfecta de tubo redondo y tubo el\u00edptico, hace que la m\u00e1quina parezca elgante<\/li>\n<\/ul>","protected":false},"excerpt":{"rendered":"<ul>\n<li>Item No.: GTZ-6047R<\/li>\n<li>Name: Butterfly Machine<\/li>\n<li>Machine Size(L*W*H)mm: 1450*1270*1890<\/li>\n<li>Tube: 60*120*3mm oval steel tube<\/li>\n<li>Weight Stack: 100kg<\/li>\n<li>Machine Weight: 236kg<\/li>\n<\/ul>\n<p>1. Allows user to adjust weight quickly and simply in 5 kg increments<br \/>\n2. New tactile numbers, new pin and smart pin, to allow the blind and visually impaired users to use the machines<br \/>\n3. Perfect combination of round tube and elliptical tube, makes the machine look ellgent<\/p>","protected":false},"featured_media":859,"template":"","meta":[],"product_brand":[],"product_cat":[42],"product_tag":[71],"class_list":{"0":"post-833","1":"product","2":"type-product","3":"status-publish","4":"has-post-thumbnail","6":"product_cat-fuerza","7":"product_tag-deltoides","9":"first","10":"instock","11":"taxable","12":"shipping-taxable","13":"purchasable","14":"product-type-simple"},"_links":{"self":[{"href":"https:\/\/fitcr.com\/en\/wp-json\/wp\/v2\/product\/833","targetHints":{"allow":["GET"]}}],"collection":[{"href":"https:\/\/fitcr.com\/en\/wp-json\/wp\/v2\/product"}],"about":[{"href":"https:\/\/fitcr.com\/en\/wp-json\/wp\/v2\/types\/product"}],"wp:featuredmedia":[{"embeddable":true,"href":"https:\/\/fitcr.com\/en\/wp-json\/wp\/v2\/media\/859"}],"wp:attachment":[{"href":"https:\/\/fitcr.com\/en\/wp-json\/wp\/v2\/media?parent=833"}],"wp:term":[{"taxonomy":"product_brand","embeddable":true,"href":"https:\/\/fitcr.com\/en\/wp-json\/wp\/v2\/product_brand?post=833"},{"taxonomy":"product_cat","embeddable":true,"href":"https:\/\/fitcr.com\/en\/wp-json\/wp\/v2\/product_cat?post=833"},{"taxonomy":"product_tag","embeddable":true,"href":"https:\/\/fitcr.com\/en\/wp-json\/wp\/v2\/product_tag?post=833"}],"curies":[{"name":"wp","href":"https:\/\/api.w.org\/{rel}","templated":true}]}}