{"id":836,"date":"2022-10-14T13:27:58","date_gmt":"2022-10-14T19:27:58","guid":{"rendered":"https:\/\/fitcr.com\/?post_type=product&#038;p=836"},"modified":"2024-09-12T10:37:46","modified_gmt":"2024-09-12T16:37:46","slug":"gtz-6053r-innerouter-thigh","status":"publish","type":"product","link":"https:\/\/fitcr.com\/en\/product\/gtz-6053r-innerouter-thigh\/","title":{"rendered":"GTZ-6053R INNER &amp; OUTER THIGH"},"content":{"rendered":"<div class=\"page\" title=\"Page 12\">\n<div class=\"layoutArea\">\n<div class=\"column\">\n<ul>\n<li>Tama\u00f1o de la m\u00e1quina(L*W*H)mm: 1450*970*1500<\/li>\n<li>Tube 60*120*3mm rectangular steel tube<\/li>\n<li>Pile weight: 70kg<\/li>\n<li>Peso de la m\u00e1quina: 185kg<\/li>\n<\/ul>\n<p>&nbsp;<\/p>\n<hr \/>\n<p>&nbsp;<\/p>\n<ul>\n<li>Dise\u00f1o biomec\u00e1nico para un rendimiento \u00f3ptimo<\/li>\n<li>La posici\u00f3n del asiento se puede ajustar a la posici\u00f3n de sentado<\/li>\n<li>Incorpora una almohadilla de apoyo para asegurar la correcta posici\u00f3n de la rodilla.<\/li>\n<li>Dise\u00f1o biomec\u00e1nico para un rendimiento \u00f3ptimo<\/li>\n<li>One machine, two types of use<\/li>\n<\/ul>\n<\/div>\n<\/div>\n<\/div>","protected":false},"excerpt":{"rendered":"<div class=\"page\" title=\"Page 12\">\n<div class=\"layoutArea\">\n<div class=\"column\">\n<ul>\n<li>Item No.: GTZ-6053R<\/li>\n<li>Name: Inner&amp;Outer thigh<\/li>\n<li>Machine Size(L*W*H)mm: 1450*970*1500<\/li>\n<li>Tube: 60*120*3mm rectangle steel tube<\/li>\n<li>Weight Stack: 70kg<\/li>\n<li>Machine Weight: 185kg<\/li>\n<\/ul>\n<p>1. Biomerchanically design for optimal performance<br \/>\n2. Seat position can be adjust to the sitting position<br \/>\n3. Incorporates a support pad to ensure correct position of the knee.<br \/>\n4. Biomerchanically design for optimal performance<br \/>\n5. One machine two kinds of usage<\/p>\n<\/div>\n<\/div>\n<\/div>","protected":false},"featured_media":862,"template":"","meta":[],"product_brand":[],"product_cat":[42],"product_tag":[71],"class_list":{"0":"post-836","1":"product","2":"type-product","3":"status-publish","4":"has-post-thumbnail","6":"product_cat-fuerza","7":"product_tag-deltoides","9":"first","10":"instock","11":"sale","12":"taxable","13":"shipping-taxable","14":"purchasable","15":"product-type-simple"},"_links":{"self":[{"href":"https:\/\/fitcr.com\/en\/wp-json\/wp\/v2\/product\/836","targetHints":{"allow":["GET"]}}],"collection":[{"href":"https:\/\/fitcr.com\/en\/wp-json\/wp\/v2\/product"}],"about":[{"href":"https:\/\/fitcr.com\/en\/wp-json\/wp\/v2\/types\/product"}],"wp:featuredmedia":[{"embeddable":true,"href":"https:\/\/fitcr.com\/en\/wp-json\/wp\/v2\/media\/862"}],"wp:attachment":[{"href":"https:\/\/fitcr.com\/en\/wp-json\/wp\/v2\/media?parent=836"}],"wp:term":[{"taxonomy":"product_brand","embeddable":true,"href":"https:\/\/fitcr.com\/en\/wp-json\/wp\/v2\/product_brand?post=836"},{"taxonomy":"product_cat","embeddable":true,"href":"https:\/\/fitcr.com\/en\/wp-json\/wp\/v2\/product_cat?post=836"},{"taxonomy":"product_tag","embeddable":true,"href":"https:\/\/fitcr.com\/en\/wp-json\/wp\/v2\/product_tag?post=836"}],"curies":[{"name":"wp","href":"https:\/\/api.w.org\/{rel}","templated":true}]}}