{"id":849,"date":"2022-10-14T13:28:11","date_gmt":"2022-10-14T19:28:11","guid":{"rendered":"https:\/\/fitcr.com\/?post_type=product&#038;p=849"},"modified":"2024-09-12T11:04:37","modified_gmt":"2024-09-12T17:04:37","slug":"gtz-6025r-preacher-curl","status":"publish","type":"product","link":"https:\/\/fitcr.com\/en\/product\/gtz-6025r-preacher-curl\/","title":{"rendered":"GTZ-6025R PREACHER CURL"},"content":{"rendered":"<div class=\"page\" title=\"Page 12\">\n<div class=\"layoutArea\">\n<div class=\"column\">\n<ul>\n<li>Machine size (L*W*H)mm: 1010*800*950<\/li>\n<li>Tube: 60*120*3mm oval steel tube<\/li>\n<li>Machine weight: 41kg<\/li>\n<\/ul>\n<\/div>\n<\/div>\n<\/div>\n<p>&nbsp;<\/p>\n<hr \/>\n<p>&nbsp;<\/p>\n<div class=\"page\" title=\"Page 12\">\n<div class=\"layoutArea\">\n<div class=\"column\">\n<ul>\n<li>Es un banco de dise\u00f1o elegante y duradero para entrenar los m\u00fasculos de los brazos utilizando una barra desde una posici\u00f3n sentada c\u00f3moda y ergon\u00f3mica.<\/li>\n<\/ul>\n<\/div>\n<\/div>\n<\/div>","protected":false},"excerpt":{"rendered":"<div class=\"page\" title=\"Page 12\">\n<div class=\"layoutArea\">\n<div class=\"column\">\n<ul>\n<li>Item No.: GTZ-6025R<\/li>\n<li>Name: Preacher Curl<\/li>\n<li>Machine Size (L*W*H)mm: 1010*800*950<\/li>\n<li>Tube: 60*120*3mm oval steel tube<\/li>\n<li>Machine Weight: 41kg<\/li>\n<\/ul>\n<p>1. It is a sleek designed, durable bench for training the arm muscles using a barbell from a comfortable, ergonomic sitting position<\/p>\n<\/div>\n<\/div>\n<\/div>","protected":false},"featured_media":876,"template":"","meta":[],"product_brand":[],"product_cat":[42],"product_tag":[71],"class_list":{"0":"post-849","1":"product","2":"type-product","3":"status-publish","4":"has-post-thumbnail","6":"product_cat-fuerza","7":"product_tag-deltoides","9":"first","10":"instock","11":"taxable","12":"shipping-taxable","13":"purchasable","14":"product-type-simple"},"_links":{"self":[{"href":"https:\/\/fitcr.com\/en\/wp-json\/wp\/v2\/product\/849","targetHints":{"allow":["GET"]}}],"collection":[{"href":"https:\/\/fitcr.com\/en\/wp-json\/wp\/v2\/product"}],"about":[{"href":"https:\/\/fitcr.com\/en\/wp-json\/wp\/v2\/types\/product"}],"wp:featuredmedia":[{"embeddable":true,"href":"https:\/\/fitcr.com\/en\/wp-json\/wp\/v2\/media\/876"}],"wp:attachment":[{"href":"https:\/\/fitcr.com\/en\/wp-json\/wp\/v2\/media?parent=849"}],"wp:term":[{"taxonomy":"product_brand","embeddable":true,"href":"https:\/\/fitcr.com\/en\/wp-json\/wp\/v2\/product_brand?post=849"},{"taxonomy":"product_cat","embeddable":true,"href":"https:\/\/fitcr.com\/en\/wp-json\/wp\/v2\/product_cat?post=849"},{"taxonomy":"product_tag","embeddable":true,"href":"https:\/\/fitcr.com\/en\/wp-json\/wp\/v2\/product_tag?post=849"}],"curies":[{"name":"wp","href":"https:\/\/api.w.org\/{rel}","templated":true}]}}