{"id":850,"date":"2022-10-14T13:28:12","date_gmt":"2022-10-14T19:28:12","guid":{"rendered":"https:\/\/fitcr.com\/?post_type=product&#038;p=850"},"modified":"2024-09-12T11:08:26","modified_gmt":"2024-09-12T17:08:26","slug":"gtz-6026r-roman-chair","status":"publish","type":"product","link":"https:\/\/fitcr.com\/en\/product\/gtz-6026r-roman-chair\/","title":{"rendered":"GTZ-6026R ROMAN CHAIR"},"content":{"rendered":"<ul>\n<li>Tama\u00f1o de la m\u00e1quina (L*W*H)mm: 1300*670*900<\/li>\n<li>Tube 60*120*3 mm oval steel tube<\/li>\n<li>Peso de la m\u00e1quina: 36kg<\/li>\n<\/ul>\n<p>&nbsp;<\/p>\n<hr \/>\n<p>&nbsp;<\/p>\n<ul>\n<li>Es un banco multifuncional de dise\u00f1o elegante y duradero para entrenar los m\u00fasculos lumbares, los gl\u00fateos y los isquiotibiales haciendo ejercicios de peso corporal.<\/li>\n<\/ul>","protected":false},"excerpt":{"rendered":"<div class=\"page\" title=\"Page 12\">\n<div class=\"layoutArea\">\n<div class=\"column\">\n<ul>\n<li>Item No.: GTZ-6026R<\/li>\n<li>Name: Roman Chair<\/li>\n<li>Machine Size (L*W*H)mm: 1300*670*900<\/li>\n<li>Tube: 60*120*3mm oval steel tube<\/li>\n<li>Machine Weight: 36kg<\/li>\n<\/ul>\n<p>1. It is a sleek designed, durable multi-functional bench for training the lower back muscles, glutes and hamstrings by doing bodyweight exercises.<\/p>\n<\/div>\n<\/div>\n<\/div>","protected":false},"featured_media":877,"template":"","meta":[],"product_brand":[],"product_cat":[42],"product_tag":[71],"class_list":{"0":"post-850","1":"product","2":"type-product","3":"status-publish","4":"has-post-thumbnail","6":"product_cat-fuerza","7":"product_tag-deltoides","9":"first","10":"instock","11":"taxable","12":"shipping-taxable","13":"purchasable","14":"product-type-simple"},"_links":{"self":[{"href":"https:\/\/fitcr.com\/en\/wp-json\/wp\/v2\/product\/850","targetHints":{"allow":["GET"]}}],"collection":[{"href":"https:\/\/fitcr.com\/en\/wp-json\/wp\/v2\/product"}],"about":[{"href":"https:\/\/fitcr.com\/en\/wp-json\/wp\/v2\/types\/product"}],"wp:featuredmedia":[{"embeddable":true,"href":"https:\/\/fitcr.com\/en\/wp-json\/wp\/v2\/media\/877"}],"wp:attachment":[{"href":"https:\/\/fitcr.com\/en\/wp-json\/wp\/v2\/media?parent=850"}],"wp:term":[{"taxonomy":"product_brand","embeddable":true,"href":"https:\/\/fitcr.com\/en\/wp-json\/wp\/v2\/product_brand?post=850"},{"taxonomy":"product_cat","embeddable":true,"href":"https:\/\/fitcr.com\/en\/wp-json\/wp\/v2\/product_cat?post=850"},{"taxonomy":"product_tag","embeddable":true,"href":"https:\/\/fitcr.com\/en\/wp-json\/wp\/v2\/product_tag?post=850"}],"curies":[{"name":"wp","href":"https:\/\/api.w.org\/{rel}","templated":true}]}}